{"id":138,"date":"2022-03-09T12:31:55","date_gmt":"2022-03-09T12:31:55","guid":{"rendered":"https:\/\/cofradiamatrizandujar.org\/?page_id=138"},"modified":"2022-08-23T15:09:04","modified_gmt":"2022-08-23T15:09:04","slug":"cetros","status":"publish","type":"page","link":"https:\/\/cofradiamatrizandujar.org\/en\/la-cofradia\/patrimonio\/cetros","title":{"rendered":"Scepters"},"content":{"rendered":"<p>Los cetros de la Cofrad\u00eda ser\u00e1n un total de cinco, uno y principal para el Hermano mayor actuante, dos para los dos Vice Hermanos Mayores de los dos a\u00f1os anteriores, dos para los Fiscales. Est\u00e1n realizados en plata de ley y formados por una vara con tres ca\u00f1ones con regat\u00f3n y sus correspondientes nudos, rematados con diferente figura.<\/p>\n\n\n\n<p>El&nbsp;cetro del Hermano mayor, est\u00e1 coronado por una imagen de bulto redondo, igualmente de plata, que recoge el momento de la aparici\u00f3n de la Virgen ante el pastor acompa\u00f1ado de sus ovejas. La escena se completa con el tronco de un arbusto, de una de cuyas ramas pende una campanilla.<\/p>\n\n\n\n<figure class=\"wp-block-gallery has-nested-images columns-default is-cropped wp-block-gallery-1 is-layout-flex wp-block-gallery-is-layout-flex\">\n<figure class=\"wp-block-image size-large\"><a href=\"https:\/\/cofradiamatrizandujar.org\/en\/la-cofradia\/patrimonio\/cetros\/cetro-hermano-mayor-real\/\"><img loading=\"lazy\" decoding=\"async\" width=\"683\" height=\"1024\" data-id=\"758\" src=\"https:\/\/cofradiamatrizandujar.org\/wp-content\/uploads\/2022\/03\/cetro-hermano-mayor-real-683x1024.jpg\" alt=\"\" class=\"wp-image-758\" srcset=\"https:\/\/cofradiamatrizandujar.org\/wp-content\/uploads\/2022\/03\/cetro-hermano-mayor-real-683x1024.jpg 683w, https:\/\/cofradiamatrizandujar.org\/wp-content\/uploads\/2022\/03\/cetro-hermano-mayor-real-200x300.jpg 200w, https:\/\/cofradiamatrizandujar.org\/wp-content\/uploads\/2022\/03\/cetro-hermano-mayor-real-768x1152.jpg 768w, https:\/\/cofradiamatrizandujar.org\/wp-content\/uploads\/2022\/03\/cetro-hermano-mayor-real-520x780.jpg 520w, https:\/\/cofradiamatrizandujar.org\/wp-content\/uploads\/2022\/03\/cetro-hermano-mayor-real.jpg 800w\" sizes=\"auto, (max-width: 683px) 100vw, 683px\" \/><\/a><\/figure>\n\n\n\n<figure class=\"wp-block-image size-large\"><a href=\"https:\/\/cofradiamatrizandujar.org\/en\/la-cofradia\/patrimonio\/cetros\/cetro-vice-hermano-mayor\/\"><img loading=\"lazy\" decoding=\"async\" width=\"683\" height=\"1024\" data-id=\"2286\" src=\"https:\/\/cofradiamatrizandujar.org\/wp-content\/uploads\/2022\/04\/cetro-vice-hermano-mayor-683x1024.jpg\" alt=\"\" class=\"wp-image-2286\" srcset=\"https:\/\/cofradiamatrizandujar.org\/wp-content\/uploads\/2022\/04\/cetro-vice-hermano-mayor-683x1024.jpg 683w, https:\/\/cofradiamatrizandujar.org\/wp-content\/uploads\/2022\/04\/cetro-vice-hermano-mayor-200x300.jpg 200w, https:\/\/cofradiamatrizandujar.org\/wp-content\/uploads\/2022\/04\/cetro-vice-hermano-mayor-768x1152.jpg 768w, https:\/\/cofradiamatrizandujar.org\/wp-content\/uploads\/2022\/04\/cetro-vice-hermano-mayor-520x780.jpg 520w, https:\/\/cofradiamatrizandujar.org\/wp-content\/uploads\/2022\/04\/cetro-vice-hermano-mayor.jpg 800w\" sizes=\"auto, (max-width: 683px) 100vw, 683px\" \/><\/a><\/figure>\n\n\n\n<figure class=\"wp-block-image size-large\"><a href=\"https:\/\/cofradiamatrizandujar.org\/en\/la-cofradia\/patrimonio\/cetros\/cetro-fiscal-real\/\"><img loading=\"lazy\" decoding=\"async\" width=\"683\" height=\"1024\" data-id=\"759\" src=\"https:\/\/cofradiamatrizandujar.org\/wp-content\/uploads\/2022\/03\/cetro-fiscal-real-683x1024.jpg\" alt=\"\" class=\"wp-image-759\" srcset=\"https:\/\/cofradiamatrizandujar.org\/wp-content\/uploads\/2022\/03\/cetro-fiscal-real-683x1024.jpg 683w, https:\/\/cofradiamatrizandujar.org\/wp-content\/uploads\/2022\/03\/cetro-fiscal-real-200x300.jpg 200w, https:\/\/cofradiamatrizandujar.org\/wp-content\/uploads\/2022\/03\/cetro-fiscal-real-768x1152.jpg 768w, https:\/\/cofradiamatrizandujar.org\/wp-content\/uploads\/2022\/03\/cetro-fiscal-real-520x780.jpg 520w, https:\/\/cofradiamatrizandujar.org\/wp-content\/uploads\/2022\/03\/cetro-fiscal-real.jpg 800w\" sizes=\"auto, (max-width: 683px) 100vw, 683px\" \/><\/a><\/figure>\n<\/figure>\n\n\n\n<p><\/p>\n\n\n\n<p>Los\u00a0cetros de los Vice Hermanos Mayores, est\u00e1n rematados en macolla con asas, sobre las que aparecen bajorrelieves recogiendo la escena cl\u00e1sica de la aparici\u00f3n y que son contenidos en manto real en pabell\u00f3n, bajo corona cerrada con cuatro imperiales. En el reverso, figuran grabadas las iniciales de \u201cAve Mar\u00eda\u201d.<\/p>\n\n\n\n<p>Los&nbsp;cetros de Fiscales, est\u00e1n rematados en tondo circular, con la misma iconograf\u00eda descrita anteriormente, rodeada de un orl\u00edn de roleos con rocallas interiores que remata una arg\u00e9ntea cruz.<\/p>","protected":false},"excerpt":{"rendered":"<p>Los cetros de la Cofrad\u00eda ser\u00e1n un total de cinco, uno y principal para el Hermano mayor actuante, dos para los dos Vice Hermanos Mayores de los dos a\u00f1os anteriores, dos para los Fiscales. Est\u00e1n realizados en plata de ley y formados por una vara con tres ca\u00f1ones con regat\u00f3n y sus correspondientes nudos, rematados [&hellip;]<\/p>\n","protected":false},"author":1,"featured_media":412,"parent":132,"menu_order":0,"comment_status":"closed","ping_status":"closed","template":"","meta":{"_genesis_hide_title":false,"_genesis_hide_breadcrumbs":false,"_genesis_hide_singular_image":false,"_genesis_hide_footer_widgets":false,"_genesis_custom_body_class":"","_genesis_custom_post_class":"","_genesis_layout":"","footnotes":""},"class_list":{"0":"post-138","1":"page","2":"type-page","3":"status-publish","4":"has-post-thumbnail","6":"entry"},"featured_image_src":"https:\/\/cofradiamatrizandujar.org\/wp-content\/uploads\/2022\/03\/cetro-virgen-de-la-cabeza-600x400.jpg","featured_image_src_square":"https:\/\/cofradiamatrizandujar.org\/wp-content\/uploads\/2022\/03\/cetro-virgen-de-la-cabeza-600x600.jpg","_links":{"self":[{"href":"https:\/\/cofradiamatrizandujar.org\/en\/wp-json\/wp\/v2\/pages\/138","targetHints":{"allow":["GET"]}}],"collection":[{"href":"https:\/\/cofradiamatrizandujar.org\/en\/wp-json\/wp\/v2\/pages"}],"about":[{"href":"https:\/\/cofradiamatrizandujar.org\/en\/wp-json\/wp\/v2\/types\/page"}],"author":[{"embeddable":true,"href":"https:\/\/cofradiamatrizandujar.org\/en\/wp-json\/wp\/v2\/users\/1"}],"replies":[{"embeddable":true,"href":"https:\/\/cofradiamatrizandujar.org\/en\/wp-json\/wp\/v2\/comments?post=138"}],"version-history":[{"count":6,"href":"https:\/\/cofradiamatrizandujar.org\/en\/wp-json\/wp\/v2\/pages\/138\/revisions"}],"predecessor-version":[{"id":3555,"href":"https:\/\/cofradiamatrizandujar.org\/en\/wp-json\/wp\/v2\/pages\/138\/revisions\/3555"}],"up":[{"embeddable":true,"href":"https:\/\/cofradiamatrizandujar.org\/en\/wp-json\/wp\/v2\/pages\/132"}],"wp:featuredmedia":[{"embeddable":true,"href":"https:\/\/cofradiamatrizandujar.org\/en\/wp-json\/wp\/v2\/media\/412"}],"wp:attachment":[{"href":"https:\/\/cofradiamatrizandujar.org\/en\/wp-json\/wp\/v2\/media?parent=138"}],"curies":[{"name":"wp","href":"https:\/\/api.w.org\/{rel}","templated":true}]}}