{"id":144,"date":"2022-03-09T12:34:20","date_gmt":"2022-03-09T12:34:20","guid":{"rendered":"https:\/\/cofradiamatrizandujar.org\/?page_id=144"},"modified":"2022-04-06T09:11:41","modified_gmt":"2022-04-06T09:11:41","slug":"coronas-y-rostrillos","status":"publish","type":"page","link":"https:\/\/cofradiamatrizandujar.org\/en\/la-cofradia\/patrimonio\/coronas-y-rostrillos","title":{"rendered":"Crowns and rostrillos"},"content":{"rendered":"<p>La Imagen de la Virgen de la Cabeza, tiene la peculiaridad de ser de las pocas im\u00e1genes, que ha sido coronada dos veces. La primera vez en 1909, siendo la tercera Imagen que era coronada can\u00f3nicamente en Andaluc\u00eda, y la segunda vez en 1960, en desagravio al haber desaparecido la primitiva Imagen de Ntra. Sra. y su corona en los sucesos de la guerra civil. Desgraciadamente a nuestros d\u00edas solo nos ha llegado la corona de la Recoronaci\u00f3n y otra corona de plata, ya que el resto de coronas fueron sustra\u00eddas en un robo ocurrido en el Santuario la d\u00e9cada de los 90.<\/p>\n\n\n\n<p>La Stma. Virgen tiene en su ajuar&nbsp;hasta ahora tres coronas, Dos Coronas de Oro y una de Plata.&nbsp;<\/p>\n\n\n\n<p><strong>Las coronas de 1960 ( Canastillo),<\/strong> fueron dise\u00f1adas por Antonio Gonz\u00e1lez Orea, prol\u00edfico artista andujare\u00f1o, siendo confeccionadas en los talleres de Manuel Aumente, en C\u00f3rdoba.<\/p>\n\n\n\n<p>&nbsp;El conjunto, seg\u00fan nos describe Francisco Calzado G\u00f3mez en su c\u00e9lebre libro \u201cA\u00f1o Santo en Sierra Morena\u201d, editado en 1960, consta de tres piezas; corona de la Virgen, corona del ni\u00f1o, as\u00ed como de rostrillo, compuesto por:<\/p>\n\n\n\n<p>\u201c<strong><em>Las tres piezas coronas del ni\u00f1o, de la Virgen y el rostrillo est\u00e1n fabricadas con oro de 20 kilates, con un peso total de 1.329,70 gramos. La corona de la Virgen lleva una orla cuajada de brillantes, como tambi\u00e9n las r\u00e1fagas que respaldan los s\u00edmbolos y el aro de la bola que remata el imperial.<\/em><\/strong><\/p>\n\n\n\n<p><strong><em>Todas estas piezas, as\u00ed como la paloma representativa del Esp\u00edritu Santo, est\u00e1n montadas en platino, con un peso de 31,20 gramos. En ricos esmaltes figuran los escudos de And\u00fajar, de Colomera, de la Di\u00f3cesis y de la Orden Trinitaria.<\/em><\/strong><strong><em>Digamos, por \u00faltimo, para curiosidad del lector que entre las tres piezas se han engarzado 1220 brillantes finos, 350 diamantes rosa, 96 diamantes finos, 123 rub\u00edes orientales, 26 esmeraldas, 12 amatistas, 240 zafiros azules de Ceyl\u00e1n y 254 perlas finas.&nbsp;<\/em><\/strong><\/p>\n\n\n\n<div class=\"wp-block-image\"><figure class=\"aligncenter size-full\"><img loading=\"lazy\" decoding=\"async\" width=\"513\" height=\"345\" src=\"https:\/\/cofradiamatrizandujar.org\/wp-content\/uploads\/2022\/03\/corona-de-canastillo.jpeg\" alt=\"\" class=\"wp-image-340\" srcset=\"https:\/\/cofradiamatrizandujar.org\/wp-content\/uploads\/2022\/03\/corona-de-canastillo.jpeg 513w, https:\/\/cofradiamatrizandujar.org\/wp-content\/uploads\/2022\/03\/corona-de-canastillo-300x202.jpeg 300w\" sizes=\"auto, (max-width: 513px) 100vw, 513px\" \/><figcaption>Corona de Canastillo<\/figcaption><\/figure><\/div>\n\n\n\n<p><strong>La corona del centenario, <\/strong>comentar, a modo de precedente, que este conjunto, anhelado desde hac\u00eda tiempo por un grupo de fervorosos cofrades con vistas a las efem\u00e9rides a conmemorar en el que, a posteriori fue el A\u00f1o Jubilar 2009-2010, se adivin\u00f3 en el cartel oficial de romer\u00eda, editado por el Excmo. Ayuntamiento de And\u00fajar en el a\u00f1o 2007, realizado por Pedro Palenciano Olivares con la intenci\u00f3n de materializarlo, como as\u00ed sucedi\u00f3 dos a\u00f1os despu\u00e9s, para el Centenario de la Coronaci\u00f3n Can\u00f3nica.<\/p>\n\n\n\n<p>Para llevar a buen t\u00e9rmino esta iniciativa se cre\u00f3 una comisi\u00f3n compuesta por varios hermanos de la Real e Ilustre Cofrad\u00eda Matriz, entre los que destacaron el propio Pedro Palenciano Olivares, autor del dise\u00f1o final de las coronas y rostrillo, Alfredo Fern\u00e1ndez Villar, Jos\u00e9 Manuel Mart\u00ednez Pedrajas, Francisco Toribio, Pilar P\u00e9rez, o Enrique G\u00f3mez Mart\u00ednez, entre otras personas.<\/p>\n\n\n\n<p>El proyecto de corona fue concebido con un marcado car\u00e1cter popular, para tratar de reponer, dentro de lo posible, la primitiva corona de 1909 desaparecida en la contienda civil espa\u00f1ola.<\/p>\n\n\n\n<p>&nbsp;Este deseo se hizo realidad gracias a los donativos y ofrendas de piezas de oro que multitud de devotos ofrecieron a la Virgen, sin importar procedencia u condici\u00f3n, al igual que sucediera con las de 1909 y 1960.<\/p>\n\n\n\n<p>Se habilitaron para ello varios establecimientos en And\u00fajar y en poblaciones lim\u00edtrofes; como por ejemplo la relojer\u00eda de \u00c1ngel Molina, Joyer\u00eda Rey, Joyer\u00eda Emilio Briones, o el Taller de Joyer\u00eda de Miguel Mart\u00ednez, todos estos establecimientos de nuestra localidad.<\/p>\n\n\n\n<p>Fuera de ella tenemos constancia de los siguientes: \u201cArtesan\u00edas San Jos\u00e9\u201d en Linares; \u201cPapeler\u00eda Lozano\u201d en Marmolejo; \u201cJoyer\u00eda Ru\u00edz\u201d en Bail\u00e9n; \u201cJoyer\u00eda Migal\u201d en Arjonilla; y \u201cJoyer\u00eda Decorjoya, en La Higuera.<\/p>\n\n\n\n<p>A su vez la sede de la Real e Ilustre Cofrad\u00eda Matriz fue receptora del oro, piedras preciosas, joyas, as\u00ed como ingentes cantidades de dinero en met\u00e1lico, necesarios para su coste y confecci\u00f3n.<\/p>\n\n\n\n<p>La corona de la Virgen se compone de 16 imperiales, ocho mayores decorados con acantos, roleos y \u00f3valos referentes a letan\u00edas marianas, y ocho menores, revestidos de perlas preciosas, elev\u00e1ndose aquellos sobre un tambor de oro de 18 quilates repujado, destacando en su parte central el escudo de la ciudad de And\u00fajar con ricos esmaltes y sostenido por el \u00e1guila de San Juan, de proporciones considerables, todo ello sobre una orla de brillantes que circundan el conjunto.<\/p>\n\n\n\n<p>En su reverso, como novedad, aparece el escudo de la Real e Ilustre Cofrad\u00eda Matriz de And\u00fajar, de tama\u00f1o m\u00e1s peque\u00f1o.<\/p>\n\n\n\n<p>La presea se remata con una cruz latina de oro y brillantes sobre esfera de oro blanco y, como detalle a tener en cuenta, en el puente de sujeci\u00f3n de aquella, aparece grabada la siguiente leyenda: \u201c<strong><em>REALIZADA POR SUSCRIPCI\u00d3N POPULAR POR COFRADES Y DEVOTOS EN EL CENTENARIO DE CORONACI\u00d3N 2009\u201d.<\/em><\/strong><\/p>\n\n\n\n<p>La corona del ni\u00f1o, de similar concepci\u00f3n y caracter\u00edsticas a los de la corona de la Virgen, se compone de ocho imperiales, cuatro mayores con id\u00e9ntica decoraci\u00f3n de acantos, y cuatro menores revestidos de perlas, todo ello rematado por cruz latina de oro y brillantes sobre un cuerpo esf\u00e9rico similar al anteriormente citado y descrito.<\/p>\n\n\n\n<p>Sobre su puente aparece igualmente grabado: \u201c<strong><em>REALIZADA POR SUSCRIPCI\u00d3N POPULAR DE LOS NI\u00d1OS DE AND\u00daJAR EN EL CENTENARIO DE CORONACI\u00d3N 2009\u201d.<\/em><\/strong><\/p>\n\n\n\n<p>El rostrillo se encuentra calado trat\u00e1ndose, en este caso, de una original pieza de oro de ley de 18 quilates formada por cuatro cuerpos sim\u00e9tricos unidos alrededor de un \u00f3valo central en el que destaca una profusi\u00f3n de flores engarzadas con roleos, rocallas y r\u00e1fagas, circundando el rostro de la Virgen armoniz\u00e1ndolo est\u00e9ticamente.<\/p>\n\n\n\n<p>Se encuentra enriquecido con perlas y brillantes en su contorno y por cuatro zafiros azules dispuestos en dos ejes; norte-sur y este-oeste, conformando la cl\u00e1sica Cruz latina alusiva a Jesucristo Ntro. Se\u00f1or como redentor del mundo, con la particularidad de haber sido bautizados con los siguientes nombres: \u201c<strong><em>R\u00edo Guadalquivir, R\u00edo J\u00e1ndula, Arroyo del Gallo y Arroyo del Membrillejo\u201d.<\/em><\/strong><\/p>\n\n\n\n<p>El conjunto, \u00edntegramente, se compone de:<\/p>\n\n\n\n<p>&#8211;&nbsp;&nbsp;&nbsp;&nbsp;&nbsp;&nbsp;&nbsp;&nbsp;&nbsp;&nbsp;41 zafiros.<\/p>\n\n\n\n<p>&#8211;&nbsp;&nbsp;&nbsp;&nbsp;&nbsp;&nbsp;&nbsp;&nbsp;&nbsp;&nbsp;60 topacios.<\/p>\n\n\n\n<p>&#8211;&nbsp;&nbsp;&nbsp;&nbsp;&nbsp;&nbsp;&nbsp;&nbsp;&nbsp;&nbsp;1250 diamantes.<\/p>\n\n\n\n<p>&#8211;&nbsp;&nbsp;&nbsp;&nbsp;&nbsp;&nbsp;&nbsp;&nbsp;&nbsp;&nbsp;216 perlas.<\/p>\n\n\n\n<p>Con el material sobrante de las donaciones, la comisi\u00f3n encargada del proyecto \u201cCorona del Centenario\u201d tuvo a bien promover la realizaci\u00f3n de un broche, alusivo a la \u201cRosa de Oro\u201d, concedida por S.S Benedicto XVI en 2009, bendecido en la romer\u00eda de 2011 e impuesto a la sagrada imagen de nuestra titular y patrona por Monse\u00f1or Ram\u00f3n del Hoyo L\u00f3pez, Obispo de Ja\u00e9n.Todo este conjunto; corona de la Virgen, del ni\u00f1o, rostrillo y broche, fueron confeccionados por Manuel Valera P\u00e9rez, en C\u00f3rdoba.<\/p>\n\n\n\n<div class=\"wp-block-image\"><figure class=\"aligncenter size-full\"><img loading=\"lazy\" decoding=\"async\" width=\"445\" height=\"340\" src=\"https:\/\/cofradiamatrizandujar.org\/wp-content\/uploads\/2022\/03\/corona-del-centenario-2009.jpeg\" alt=\"\" class=\"wp-image-341\" srcset=\"https:\/\/cofradiamatrizandujar.org\/wp-content\/uploads\/2022\/03\/corona-del-centenario-2009.jpeg 445w, https:\/\/cofradiamatrizandujar.org\/wp-content\/uploads\/2022\/03\/corona-del-centenario-2009-300x229.jpeg 300w\" sizes=\"auto, (max-width: 445px) 100vw, 445px\" \/><figcaption>Corona del Centenario 2009<\/figcaption><\/figure><\/div>\n\n\n\n<p><strong>La Corona Aumente de Plata,<\/strong>&nbsp;hablamos de una corona de Plata estilo barroco con imperiales realizada en la d\u00e9cada de los a\u00f1os 40 por el orfebre cordob\u00e9s Manuel Aumente, dicha corona se usa generalmente para los traslados de la virgen a la ciudad de And\u00fajar.<\/p>\n\n\n\n<div class=\"wp-block-image\"><figure class=\"aligncenter size-full\"><img loading=\"lazy\" decoding=\"async\" width=\"259\" height=\"376\" src=\"https:\/\/cofradiamatrizandujar.org\/wp-content\/uploads\/2022\/03\/corona-aumente-de-plata.jpeg\" alt=\"\" class=\"wp-image-342\" srcset=\"https:\/\/cofradiamatrizandujar.org\/wp-content\/uploads\/2022\/03\/corona-aumente-de-plata.jpeg 259w, https:\/\/cofradiamatrizandujar.org\/wp-content\/uploads\/2022\/03\/corona-aumente-de-plata-207x300.jpeg 207w\" sizes=\"auto, (max-width: 259px) 100vw, 259px\" \/><figcaption>Corona Aumente de Plata<\/figcaption><\/figure><\/div>\n\n\n\n<p><strong>La corona de 1909, <\/strong>realizada por H\u00e9ctor Marabini y Conti, joyero hispano-italiano (1853-1910), teniendo taller en la calle Nicol\u00e1s Mar\u00eda Rivero, de Madrid, gozando de gran reconocimiento en la corte del rey Alfonso XIII.<\/p>\n\n\n\n<p>&nbsp;La obra consisti\u00f3 en dos piezas, desconoci\u00e9ndose la autor\u00eda y factura del rostrillo. En primer lugar, describiendo la presea de la Virgen, aquella se trata de una soberbia corona compuesta por 16 imperiales de los cuales ocho eran mayores, decorados con una mezcla de roleos y acantos entrelazados, as\u00ed como por diversos \u00f3valos conteniendo las letan\u00edas a Ntra. Sra.<\/p>\n\n\n\n<p>Junto a estos, se descubr\u00edan los ocho restantes, de menor tama\u00f1o y configurados sobre una base de oro fino y perlas preciosas elev\u00e1ndose sobre un tambor en cuyo frontal aparec\u00eda, sostenido por el \u00e1guila de San Juan, el escudo de la ciudad de And\u00fajar, de grandes proporciones. Todo el conjunto aparec\u00eda engarzado con gran profusi\u00f3n de piedras preciosas.<\/p>\n\n\n\n<p>La corona de la Virgen, al igual que la del ni\u00f1o y el rostrillo, desaparecieron en la guerra civil espa\u00f1ola en circunstancias nada claras, estando tasada la misma en 100.000 pesetas en la \u00e9poca de su desaparici\u00f3n, a\u00f1o 1936.<\/p>\n\n\n\n<p>La corona del Divino Infante se compon\u00eda de ocho imperiales, cuatro mayores y cuatro menores, de similar concepto y ejecuci\u00f3n que los de la corona de la Virgen. El conjunto, cincelado en oro de 18 quilates, constaba de<strong><em>&nbsp;\u201c2187 brillantes y rosas que llevan entre las dos coronas, 372 esmeraldas de varios tama\u00f1os, 38 rub\u00edes de varios tama\u00f1os m\u00e1s grande reconstituido, 20 zafiros, 1 amatista y 1 topacio,<\/em><\/strong>&nbsp;<strong><em>542 perlas y alj\u00f3far<\/em><\/strong>.&nbsp;<strong><em>En total 3161 piedras preciosas insertas entre las dos coronas.&nbsp;<\/em><\/strong>La obra tuvo un coste de 37.295 ptas.Por su parte la comisi\u00f3n envi\u00f3 a H\u00e9ctor Marabini;&nbsp;<strong><em>Una cantidad de oro, valorado en 2350 pesetas para refinar, 478 brillantes rosas y diamantes de valor, 352 esmeraldas utilizadas de las recibidas, 542 perlas alj\u00f3far, 34 rub\u00edes, 10 zafiros, 1 amatista y 1 topacio.<\/em><\/strong>&nbsp;Todo ello aparece tasado en 14.950 pesetas.<\/p>\n\n\n\n<figure class=\"wp-block-gallery has-nested-images columns-default is-cropped wp-block-gallery-1 is-layout-flex wp-block-gallery-is-layout-flex\">\n<figure class=\"wp-block-image size-large\"><a href=\"https:\/\/cofradiamatrizandujar.org\/en\/la-cofradia\/patrimonio\/coronas-y-rostrillos\/coronacion-1909-1\/\"><img loading=\"lazy\" decoding=\"async\" width=\"208\" height=\"232\" data-id=\"2004\" src=\"https:\/\/cofradiamatrizandujar.org\/wp-content\/uploads\/2022\/04\/coronacion-1909-1.jpg\" alt=\"\" class=\"wp-image-2004\"\/><\/a><\/figure>\n\n\n\n<figure class=\"wp-block-image size-large\"><a href=\"https:\/\/cofradiamatrizandujar.org\/en\/la-cofradia\/patrimonio\/coronas-y-rostrillos\/coronacion-1909-2\/\"><img loading=\"lazy\" decoding=\"async\" width=\"193\" height=\"262\" data-id=\"2005\" src=\"https:\/\/cofradiamatrizandujar.org\/wp-content\/uploads\/2022\/04\/coronacion-1909-2.jpg\" alt=\"\" class=\"wp-image-2005\"\/><\/a><\/figure>\n<\/figure>\n\n\n\n<p><\/p>\n\n\n\n<p><strong>La corona del indiano,<\/strong> actualmente desaparecida, se trata de una corona que marc\u00f3 una \u00e9poca de esplendor en pleno barroco por su importancia iconogr\u00e1fica, siendo retratada en los diferentes lienzos que, principalmente a partir de 1650, a\u00f1o en la cual es ofrendada a la Virgen, los diversos pintores del XVII realizan sobre \u201cLa Morenita\u201d.<\/p>\n\n\n\n<p>Por su relevancia hist\u00f3rica, inserto literalmente el acta de donaci\u00f3n de Juan \u00c1lvarez Serrano.<\/p>\n\n\n\n<p><em>\u201cPor devoci\u00f3n y a mi costa, y de mis bienes, tengo hecha una corona de oro y piedras preciosas para Nuestra Se\u00f1ora de la Cabeza de Sierra Morena, yo D. Juan de \u00c1lvarez Serrano, oidor de M\u00e9xico, env\u00edo a Nuestra Se\u00f1ora de la Cabeza, el a\u00f1o de mil seiscientos y cincuenta, una corona imperial, que pesa veinte onzas de oro, en cuya circunferencia, y primer cuerpo brillan doce preciosos jacintos, diez y seis esmeraldas finas grandes, y en lo arqueado de la diadema otras ocho mayores.<\/em><\/p>\n\n\n\n<p><em>Junt\u00e1ndose los extremos, en un globo de oro esmaltado que sirve de asiento a una preciosa cruz, dividido el \u00e1mbito en cuatro piezas, que, formando cuatro tornillos de oro, a cuyos remates sirven de cabeza cuatro ricas esmeraldas, y otras tantas con el mismo artificio, y primor, hacen las puntas de diadema. Est\u00e1 apreciada en dos mil pesos\u201d<\/em>. (Mond\u00e9jar Exp\u00f3sito, 2021, p\u00e1g. 257).<\/p>\n\n\n\n<figure class=\"wp-block-gallery has-nested-images columns-default is-cropped wp-block-gallery-2 is-layout-flex wp-block-gallery-is-layout-flex\">\n<figure class=\"wp-block-image size-large\"><a href=\"https:\/\/cofradiamatrizandujar.org\/en\/la-cofradia\/patrimonio\/coronas-y-rostrillos\/cuadro-aparicion\/\"><img loading=\"lazy\" decoding=\"async\" width=\"619\" height=\"824\" data-id=\"1909\" src=\"https:\/\/cofradiamatrizandujar.org\/wp-content\/uploads\/2022\/04\/cuadro-aparicion.jpg\" alt=\"\" class=\"wp-image-1909\" srcset=\"https:\/\/cofradiamatrizandujar.org\/wp-content\/uploads\/2022\/04\/cuadro-aparicion.jpg 619w, https:\/\/cofradiamatrizandujar.org\/wp-content\/uploads\/2022\/04\/cuadro-aparicion-225x300.jpg 225w\" sizes=\"auto, (max-width: 619px) 100vw, 619px\" \/><\/a><\/figure>\n\n\n\n<figure class=\"wp-block-image size-large\"><a href=\"https:\/\/cofradiamatrizandujar.org\/en\/la-cofradia\/patrimonio\/coronas-y-rostrillos\/cuadro-virgen-cabeza-con-corona-indiano\/\"><img loading=\"lazy\" decoding=\"async\" width=\"605\" height=\"1000\" data-id=\"1908\" src=\"https:\/\/cofradiamatrizandujar.org\/wp-content\/uploads\/2022\/04\/cuadro-virgen-cabeza-con-corona-indiano.jpg\" alt=\"\" class=\"wp-image-1908\" srcset=\"https:\/\/cofradiamatrizandujar.org\/wp-content\/uploads\/2022\/04\/cuadro-virgen-cabeza-con-corona-indiano.jpg 605w, https:\/\/cofradiamatrizandujar.org\/wp-content\/uploads\/2022\/04\/cuadro-virgen-cabeza-con-corona-indiano-182x300.jpg 182w\" sizes=\"auto, (max-width: 605px) 100vw, 605px\" \/><\/a><\/figure>\n<figcaption class=\"blocks-gallery-caption\">Corona de Indiano<\/figcaption><\/figure>","protected":false},"excerpt":{"rendered":"<p>La Imagen de la Virgen de la Cabeza, tiene la peculiaridad de ser de las pocas im\u00e1genes, que ha sido coronada dos veces. La primera vez en 1909, siendo la tercera Imagen que era coronada can\u00f3nicamente en Andaluc\u00eda, y la segunda vez en 1960, en desagravio al haber desaparecido la primitiva Imagen de Ntra. Sra. [&hellip;]<\/p>\n","protected":false},"author":1,"featured_media":406,"parent":132,"menu_order":0,"comment_status":"closed","ping_status":"closed","template":"","meta":{"_genesis_hide_title":false,"_genesis_hide_breadcrumbs":false,"_genesis_hide_singular_image":false,"_genesis_hide_footer_widgets":false,"_genesis_custom_body_class":"","_genesis_custom_post_class":"","_genesis_layout":"","footnotes":""},"class_list":{"0":"post-144","1":"page","2":"type-page","3":"status-publish","4":"has-post-thumbnail","6":"entry"},"featured_image_src":"https:\/\/cofradiamatrizandujar.org\/wp-content\/uploads\/2022\/03\/coronacion-virgen-de-la-cabeza-600x400.jpg","featured_image_src_square":"https:\/\/cofradiamatrizandujar.org\/wp-content\/uploads\/2022\/03\/coronacion-virgen-de-la-cabeza-600x600.jpg","_links":{"self":[{"href":"https:\/\/cofradiamatrizandujar.org\/en\/wp-json\/wp\/v2\/pages\/144","targetHints":{"allow":["GET"]}}],"collection":[{"href":"https:\/\/cofradiamatrizandujar.org\/en\/wp-json\/wp\/v2\/pages"}],"about":[{"href":"https:\/\/cofradiamatrizandujar.org\/en\/wp-json\/wp\/v2\/types\/page"}],"author":[{"embeddable":true,"href":"https:\/\/cofradiamatrizandujar.org\/en\/wp-json\/wp\/v2\/users\/1"}],"replies":[{"embeddable":true,"href":"https:\/\/cofradiamatrizandujar.org\/en\/wp-json\/wp\/v2\/comments?post=144"}],"version-history":[{"count":11,"href":"https:\/\/cofradiamatrizandujar.org\/en\/wp-json\/wp\/v2\/pages\/144\/revisions"}],"predecessor-version":[{"id":2050,"href":"https:\/\/cofradiamatrizandujar.org\/en\/wp-json\/wp\/v2\/pages\/144\/revisions\/2050"}],"up":[{"embeddable":true,"href":"https:\/\/cofradiamatrizandujar.org\/en\/wp-json\/wp\/v2\/pages\/132"}],"wp:featuredmedia":[{"embeddable":true,"href":"https:\/\/cofradiamatrizandujar.org\/en\/wp-json\/wp\/v2\/media\/406"}],"wp:attachment":[{"href":"https:\/\/cofradiamatrizandujar.org\/en\/wp-json\/wp\/v2\/media?parent=144"}],"curies":[{"name":"wp","href":"https:\/\/api.w.org\/{rel}","templated":true}]}}