{"id":156,"date":"2022-03-09T12:40:21","date_gmt":"2022-03-09T12:40:21","guid":{"rendered":"https:\/\/cofradiamatrizandujar.org\/?page_id=156"},"modified":"2022-04-05T16:56:59","modified_gmt":"2022-04-05T16:56:59","slug":"medalla-de-andalucia","status":"publish","type":"page","link":"https:\/\/cofradiamatrizandujar.org\/en\/la-cofradia\/patrimonio\/condecoraciones\/medalla-de-andalucia","title":{"rendered":"Medal of Andalusia"},"content":{"rendered":"<p>Por acuerdo del Consejo de Gobierno de la Junta de Andaluc\u00eda del d\u00eda 22 de febrero de 2001, se conced\u00eda a la Real Cofrad\u00eda Matriz de la Virgen de la Cabeza la Medalla de Andaluc\u00eda, en reconocimiento a la labor continuada, a lo largo de los siglos, como organizadora de la romer\u00eda m\u00e1s antigua de Andaluc\u00eda y de Espa\u00f1a, habiendo logrado difundir la devoci\u00f3n a Ntra. Sra. de la Cabeza m\u00e1s all\u00e1 de las fronteras regionales, nacionales e internacionales.<\/p>\n\n\n\n<div class=\"wp-block-columns is-layout-flex wp-container-core-columns-is-layout-1 wp-block-columns-is-layout-flex\">\n<div class=\"wp-block-column is-layout-flow wp-block-column-is-layout-flow\">\n<p>La noticia de tan importante galard\u00f3n andaluz ha supuesto una gran alegr\u00eda en toda la junta Directiva de la Cofrad\u00eda, as\u00ed como en el mundo romero entorno a la Morenita de Sierra Morena y en And\u00fajar. Bajo la Presidencia de Manuel Chaves, Presidente de la junta de Andaluc\u00eda, se hizo entrega de la Medalla de Andaluc\u00eda al Presidente de la Real Cofrad\u00eda Matriz, Miguel Corpas G\u00f3mez, el 28 de febrero, D\u00eda de Andaluc\u00eda. El Acto tuvo lugar en el Palacio de San Telmo de Sevilla a las 12,30 horas de la ma\u00f1ana, siendo retransmitido en directo por Canal Sur Televisi\u00f3n y And\u00fajar Televisi\u00f3n.<\/p>\n<\/div>\n\n\n\n<div class=\"wp-block-column is-layout-flow wp-block-column-is-layout-flow\">\n<div class=\"wp-block-image\"><figure class=\"aligncenter size-full is-resized\"><img loading=\"lazy\" decoding=\"async\" src=\"https:\/\/cofradiamatrizandujar.org\/wp-content\/uploads\/2022\/03\/medalla.png\" alt=\"\" class=\"wp-image-431\" width=\"237\" height=\"490\"\/><\/figure><\/div>\n<\/div>\n<\/div>\n\n\n\n<p>\u200bEl Presidente del Parlamento Andaluz, Javier Torres Vela, hizo entrega de la medalla de Andaluc\u00eda a Miguel Corpas. Previamente se hab\u00eda le\u00eddo un elogioso escrito en el que se pon\u00edan de manifiesto los m\u00e9ritos que concurr\u00edan en la Real Cofrad\u00eda Matriz para ser merecedora de tan alta distinci\u00f3n.<\/p>\n\n\n\n<p>Tras el discurso del Presidente de la Junta de Andaluc\u00eda, los premiados, nueve personas m\u00e1s con medalla y dos con el t\u00edtulo de Hijos Predilectos de Andaluc\u00eda, pasaron a un sal\u00f3n contiguo donde procedieron a firmar en el libro de honor. Miguel Corpas dej\u00f3 por escrito lo siguiente: \u00abLa Real Cofrad\u00eda Matriz de la Sant\u00edsima Virgen de la Cabeza, lucha por su tierra y por sus gentes y por esta tierra de Mar\u00eda Sant\u00edsima que es Andaluc\u00eda\u00bb.<\/p>\n\n\n\n<p>\u200bRepresentando a la Junta Directiva de la Real Cofrad\u00eda Matriz asistieron: Los Hermanos Mayores, Francisco L\u00f3pez y Marisol Santiago; el Vicepresidente, Jos\u00e9 Mar\u00eda Gonz\u00e1lez; el Administrador, Jos\u00e9 Luis P\u00e9rez; la Secretaria, Inmaculada Maldonado y los Vocales: Julia Lara, Emilio J. Garc\u00eda, Jos\u00e9 Mar\u00eda Garrido -Presidente de la Diputaci\u00f3n de anteriores Hermanos Mayores de la Cofrad\u00eda- y Enrique G\u00f3mez, Director de Mirando al Santuario. Tambi\u00e9n estuvo presente el Rector del Santuario, P. Domingo Conesa.<\/p>\n\n\n\n<p>\u200bOtras personas que acompa\u00f1aron a la Real Cofrad\u00eda Matriz, fueron el Alcalde de And\u00fajar, Antonio Cuenca, la Concejala de Festejos, Isabel Gin\u00e9s y la Diputada Nacional, Micaela Navarro. Igualmente se cont\u00f3 con la presencia del Presidente de la Diputaci\u00f3n Provincial de Ja\u00e9n, Felipe L\u00f3pez, el Director del Diario Ja\u00e9n, Juan Espejo y Antonio P\u00e9rez, Productor de Cine.<\/p>\n\n\n\n<p>\u200bEl acto se desarroll\u00f3 en un magn\u00edfico ambiente de cordialidad, siendo felicitada nuestra Real Cofrad\u00eda por muchos de los asistentes, unas cuatrocientas personas, procedentes de todos los \u00e1mbitos de la pol\u00edtica, cultura, econom\u00eda, sociedad, iglesia, ej\u00e9rcito, etc. de Andaluc\u00eda.<\/p>\n\n\n\n<div class=\"wp-block-image\"><figure class=\"aligncenter size-full\"><img loading=\"lazy\" decoding=\"async\" width=\"319\" height=\"258\" src=\"https:\/\/cofradiamatrizandujar.org\/wp-content\/uploads\/2022\/03\/medalla-andalucia-virgen-de-la-cabeza-dos.png\" alt=\"\" class=\"wp-image-432\" srcset=\"https:\/\/cofradiamatrizandujar.org\/wp-content\/uploads\/2022\/03\/medalla-andalucia-virgen-de-la-cabeza-dos.png 319w, https:\/\/cofradiamatrizandujar.org\/wp-content\/uploads\/2022\/03\/medalla-andalucia-virgen-de-la-cabeza-dos-300x243.png 300w\" sizes=\"auto, (max-width: 319px) 100vw, 319px\" \/><\/figure><\/div>\n\n\n\n<p>\u200bTodos los medios de comunicaci\u00f3n locales, provinciales, regionales y nacionales se hicieron eco de la distinci\u00f3n concedida a esta Cofrad\u00eda, lo que ha servido para darla a conocer y difundir aun m\u00e1s la universal romer\u00eda de la Reina de Sierra Morena. La Real Cofrad\u00eda Matriz de la Virgen de la Cabeza desea agradecer, desde Mirando al Santuario, tanto a personas, Cofrad\u00edas filiales, Instituciones, etc. las muchas felicitaciones recibidas por haberle sido otorgada la Medalla de Andaluc\u00eda.<\/p>\n\n\n\n<div class=\"wp-block-buttons is-layout-flex wp-block-buttons-is-layout-flex\">\n<div class=\"wp-block-button has-custom-width wp-block-button__width-100\"><a class=\"wp-block-button__link\" href=\"https:\/\/cofradiamatrizandujar.org\/en\/la-cofradia\/patrimonio\/condecoraciones\/medalla-de-andalucia\/boja-medalla-junta-andalucia\/\">Resolucion boja medalla andaluc\u00eda<\/a><\/div>\n<\/div>","protected":false},"excerpt":{"rendered":"<p>Por acuerdo del Consejo de Gobierno de la Junta de Andaluc\u00eda del d\u00eda 22 de febrero de 2001, se conced\u00eda a la Real Cofrad\u00eda Matriz de la Virgen de la Cabeza la Medalla de Andaluc\u00eda, en reconocimiento a la labor continuada, a lo largo de los siglos, como organizadora de la romer\u00eda m\u00e1s antigua de [&hellip;]<\/p>\n","protected":false},"author":1,"featured_media":429,"parent":148,"menu_order":0,"comment_status":"closed","ping_status":"closed","template":"","meta":{"_genesis_hide_title":false,"_genesis_hide_breadcrumbs":false,"_genesis_hide_singular_image":false,"_genesis_hide_footer_widgets":false,"_genesis_custom_body_class":"","_genesis_custom_post_class":"","_genesis_layout":"","footnotes":""},"class_list":{"0":"post-156","1":"page","2":"type-page","3":"status-publish","4":"has-post-thumbnail","6":"entry"},"featured_image_src":"https:\/\/cofradiamatrizandujar.org\/wp-content\/uploads\/2022\/03\/medalla-andalucia-600x400.jpg","featured_image_src_square":"https:\/\/cofradiamatrizandujar.org\/wp-content\/uploads\/2022\/03\/medalla-andalucia-600x600.jpg","_links":{"self":[{"href":"https:\/\/cofradiamatrizandujar.org\/en\/wp-json\/wp\/v2\/pages\/156","targetHints":{"allow":["GET"]}}],"collection":[{"href":"https:\/\/cofradiamatrizandujar.org\/en\/wp-json\/wp\/v2\/pages"}],"about":[{"href":"https:\/\/cofradiamatrizandujar.org\/en\/wp-json\/wp\/v2\/types\/page"}],"author":[{"embeddable":true,"href":"https:\/\/cofradiamatrizandujar.org\/en\/wp-json\/wp\/v2\/users\/1"}],"replies":[{"embeddable":true,"href":"https:\/\/cofradiamatrizandujar.org\/en\/wp-json\/wp\/v2\/comments?post=156"}],"version-history":[{"count":4,"href":"https:\/\/cofradiamatrizandujar.org\/en\/wp-json\/wp\/v2\/pages\/156\/revisions"}],"predecessor-version":[{"id":1974,"href":"https:\/\/cofradiamatrizandujar.org\/en\/wp-json\/wp\/v2\/pages\/156\/revisions\/1974"}],"up":[{"embeddable":true,"href":"https:\/\/cofradiamatrizandujar.org\/en\/wp-json\/wp\/v2\/pages\/148"}],"wp:featuredmedia":[{"embeddable":true,"href":"https:\/\/cofradiamatrizandujar.org\/en\/wp-json\/wp\/v2\/media\/429"}],"wp:attachment":[{"href":"https:\/\/cofradiamatrizandujar.org\/en\/wp-json\/wp\/v2\/media?parent=156"}],"curies":[{"name":"wp","href":"https:\/\/api.w.org\/{rel}","templated":true}]}}