{"id":158,"date":"2022-03-09T12:40:59","date_gmt":"2022-03-09T12:40:59","guid":{"rendered":"https:\/\/cofradiamatrizandujar.org\/?page_id=158"},"modified":"2022-04-06T09:30:58","modified_gmt":"2022-04-06T09:30:58","slug":"baston-de-alcaldesa-perpetua-de-andujar","status":"publish","type":"page","link":"https:\/\/cofradiamatrizandujar.org\/en\/la-cofradia\/patrimonio\/condecoraciones\/baston-de-alcaldesa-perpetua-de-andujar","title":{"rendered":"Cane permanent Mayor of Andujar"},"content":{"rendered":"<p><strong>NOMBRAMIENTO DE LA VIRGEN DE LA CABEZA COMO ALCALDESA PERPETUA DE AND\u00daJAR.<\/strong><\/p>\n\n\n\n<p>Acontecimiento que tuvo lugar en 1957, siendo Argimiro Rodr\u00edguez \u00c1lvarez alcalde de la localidad. Un hecho que se ratific\u00f3, nuevamente en 2017, con la aprobaci\u00f3n por unanimidad de todos los grupos pol\u00edticos presentes y con representaci\u00f3n en el consistorio andujare\u00f1o, al cumplirse 50 a\u00f1os de esta efem\u00e9ride.<\/p>\n\n\n\n<p>El cinco de abril de 1959, tras el Solemne Pontifical de apertura del a\u00f1o Jubilar (1959-1960) con motivo del Cincuentenario de la proclamaci\u00f3n de la primitiva imagen de la Virgen como patrona de And\u00fajar, oficiando el Excmo y Rvdmo. Sr. D. F\u00e9lix Romero Meng\u00edbar, Obispo de Ja\u00e9n; el Excmo. Sr. D. Eduardo Sa\u00e9nz de Buruaga y Polanco, Teniente General y Director General de la Guardia Civil en ese momento, le impuso el bast\u00f3n y la medalla correspondientes a la bendita efigie, tras hacerle entrega de los atributos D. Argimiro Rodr\u00edguez \u00c1lvarez en presencia de D. Jos\u00e9 Luis Men\u00e9ndez Caso y Do\u00f1a Susana Alonso Le\u00f3n, Hermanos Mayores de la Real e Ilustre Cofrad\u00eda Matriz.<\/p>\n\n\n\n<p>Desde entonces, y de forma habitual, la venerada imagen de \u201cLa Morenita\u201d luce en su actual iconograf\u00eda el bast\u00f3n y medalla que la distinguen como tal, un v\u00ednculo que se ha mantenido imperturbable en el tiempo.<\/p>\n\n\n\n<p>Posteriormente, en el transcurso del a\u00f1o Jubilar, S.S Juan XXIII, con fecha de 27 de noviembre de aquel c\u00e9lebre a\u00f1o de 1959, declaraba a la Sant\u00edsima Virgen de la Cabeza patrona de la di\u00f3cesis de Ja\u00e9n junto con San Eufrasio, Obispo y m\u00e1rtir.<\/p>\n\n\n\n<p>Ntra. Titular y patrona ser\u00eda nuevamente coronada, en acto de desagravio, en la tarde del viernes 22 de abril de 1960 por el Arzobispo de Granada Mons. D. Rafael Garc\u00eda y Garc\u00eda de Castro, asistido por los obispos de Ja\u00e9n; Monse\u00f1or D. F\u00e9lix Romero Meng\u00edbar; y de C\u00f3rdoba, Mons. D. Manuel Fern\u00e1ndez Conde.<\/p>\n\n\n\n<figure class=\"wp-block-image size-large\"><img loading=\"lazy\" decoding=\"async\" width=\"683\" height=\"1024\" src=\"https:\/\/cofradiamatrizandujar.org\/wp-content\/uploads\/2022\/03\/baston-alcaldesa-2-683x1024.jpg\" alt=\"\" class=\"wp-image-765\" srcset=\"https:\/\/cofradiamatrizandujar.org\/wp-content\/uploads\/2022\/03\/baston-alcaldesa-2-683x1024.jpg 683w, https:\/\/cofradiamatrizandujar.org\/wp-content\/uploads\/2022\/03\/baston-alcaldesa-2-200x300.jpg 200w, https:\/\/cofradiamatrizandujar.org\/wp-content\/uploads\/2022\/03\/baston-alcaldesa-2-768x1152.jpg 768w, https:\/\/cofradiamatrizandujar.org\/wp-content\/uploads\/2022\/03\/baston-alcaldesa-2-520x780.jpg 520w, https:\/\/cofradiamatrizandujar.org\/wp-content\/uploads\/2022\/03\/baston-alcaldesa-2.jpg 800w\" sizes=\"auto, (max-width: 683px) 100vw, 683px\" \/><\/figure>","protected":false},"excerpt":{"rendered":"<p>NOMBRAMIENTO DE LA VIRGEN DE LA CABEZA COMO ALCALDESA PERPETUA DE AND\u00daJAR. Acontecimiento que tuvo lugar en 1957, siendo Argimiro Rodr\u00edguez \u00c1lvarez alcalde de la localidad. Un hecho que se ratific\u00f3, nuevamente en 2017, con la aprobaci\u00f3n por unanimidad de todos los grupos pol\u00edticos presentes y con representaci\u00f3n en el consistorio andujare\u00f1o, al cumplirse 50 [&hellip;]<\/p>\n","protected":false},"author":1,"featured_media":764,"parent":148,"menu_order":0,"comment_status":"closed","ping_status":"closed","template":"","meta":{"_genesis_hide_title":false,"_genesis_hide_breadcrumbs":false,"_genesis_hide_singular_image":false,"_genesis_hide_footer_widgets":false,"_genesis_custom_body_class":"","_genesis_custom_post_class":"","_genesis_layout":"","footnotes":""},"class_list":{"0":"post-158","1":"page","2":"type-page","3":"status-publish","4":"has-post-thumbnail","6":"entry"},"featured_image_src":"https:\/\/cofradiamatrizandujar.org\/wp-content\/uploads\/2022\/03\/baston-alcaldesa-600x400.jpg","featured_image_src_square":"https:\/\/cofradiamatrizandujar.org\/wp-content\/uploads\/2022\/03\/baston-alcaldesa-600x600.jpg","_links":{"self":[{"href":"https:\/\/cofradiamatrizandujar.org\/en\/wp-json\/wp\/v2\/pages\/158","targetHints":{"allow":["GET"]}}],"collection":[{"href":"https:\/\/cofradiamatrizandujar.org\/en\/wp-json\/wp\/v2\/pages"}],"about":[{"href":"https:\/\/cofradiamatrizandujar.org\/en\/wp-json\/wp\/v2\/types\/page"}],"author":[{"embeddable":true,"href":"https:\/\/cofradiamatrizandujar.org\/en\/wp-json\/wp\/v2\/users\/1"}],"replies":[{"embeddable":true,"href":"https:\/\/cofradiamatrizandujar.org\/en\/wp-json\/wp\/v2\/comments?post=158"}],"version-history":[{"count":4,"href":"https:\/\/cofradiamatrizandujar.org\/en\/wp-json\/wp\/v2\/pages\/158\/revisions"}],"predecessor-version":[{"id":2053,"href":"https:\/\/cofradiamatrizandujar.org\/en\/wp-json\/wp\/v2\/pages\/158\/revisions\/2053"}],"up":[{"embeddable":true,"href":"https:\/\/cofradiamatrizandujar.org\/en\/wp-json\/wp\/v2\/pages\/148"}],"wp:featuredmedia":[{"embeddable":true,"href":"https:\/\/cofradiamatrizandujar.org\/en\/wp-json\/wp\/v2\/media\/764"}],"wp:attachment":[{"href":"https:\/\/cofradiamatrizandujar.org\/en\/wp-json\/wp\/v2\/media?parent=158"}],"curies":[{"name":"wp","href":"https:\/\/api.w.org\/{rel}","templated":true}]}}