{"id":1877,"date":"2022-04-05T07:40:02","date_gmt":"2022-04-05T07:40:02","guid":{"rendered":"https:\/\/cofradiamatrizandujar.org\/?page_id=1877"},"modified":"2022-08-23T15:18:28","modified_gmt":"2022-08-23T15:18:28","slug":"jaula-de-traslado","status":"publish","type":"page","link":"https:\/\/cofradiamatrizandujar.org\/en\/la-cofradia\/patrimonio\/jaula-de-traslado","title":{"rendered":"Cage Shuttle"},"content":{"rendered":"<p>La Jaula de traslado es el m\u00e9todo con el que la Virgen de la Cabeza se traslada a And\u00fajar. Este m\u00e9todo ha cambiado a lo largo de la Historia, ya que en la antig\u00fcedad nuestra titular bajaba en un caj\u00f3n de madera.&nbsp;<\/p>\n\n\n\n<p>Despu\u00e9s de la Guerra civil se fabric\u00f3 lo que hasta hoy se denomina la Jaula de traslado, una jaula circular en la cual cabe perfectamente la imagen y que tiene dos distintos remates uno que es el que tiene normalmente en el museo mariano de la Bas\u00edlica Real Santuario de la Virgen de la Cabeza y otro que es el que se usa en el traslado a And\u00fajar que es una corona de plata.<\/p>\n\n\n\n<figure class=\"wp-block-gallery has-nested-images columns-default is-cropped wp-block-gallery-1 is-layout-flex wp-block-gallery-is-layout-flex\">\n<figure class=\"wp-block-image size-large\"><a href=\"https:\/\/cofradiamatrizandujar.org\/en\/la-cofradia\/patrimonio\/mantos\/jaula-despues-de-la-guerra\/\"><img loading=\"lazy\" decoding=\"async\" width=\"723\" height=\"1229\" data-id=\"1886\" src=\"https:\/\/cofradiamatrizandujar.org\/wp-content\/uploads\/2022\/04\/jaula-despues-de-la-guerra.jpg\" alt=\"\" class=\"wp-image-1886\" srcset=\"https:\/\/cofradiamatrizandujar.org\/wp-content\/uploads\/2022\/04\/jaula-despues-de-la-guerra.jpg 723w, https:\/\/cofradiamatrizandujar.org\/wp-content\/uploads\/2022\/04\/jaula-despues-de-la-guerra-176x300.jpg 176w, https:\/\/cofradiamatrizandujar.org\/wp-content\/uploads\/2022\/04\/jaula-despues-de-la-guerra-602x1024.jpg 602w\" sizes=\"auto, (max-width: 723px) 100vw, 723px\" \/><\/a><figcaption>Jaula Traslado, A\u00f1o 1957<\/figcaption><\/figure>\n\n\n\n<figure class=\"wp-block-image size-large\"><a href=\"https:\/\/cofradiamatrizandujar.org\/en\/la-cofradia\/patrimonio\/mantos\/jaula-antes-de-la-guerra\/\"><img loading=\"lazy\" decoding=\"async\" width=\"1123\" height=\"1866\" data-id=\"1888\" src=\"https:\/\/cofradiamatrizandujar.org\/wp-content\/uploads\/2022\/04\/jaula-antes-de-la-guerra.jpg\" alt=\"\" class=\"wp-image-1888\" srcset=\"https:\/\/cofradiamatrizandujar.org\/wp-content\/uploads\/2022\/04\/jaula-antes-de-la-guerra.jpg 1123w, https:\/\/cofradiamatrizandujar.org\/wp-content\/uploads\/2022\/04\/jaula-antes-de-la-guerra-181x300.jpg 181w, https:\/\/cofradiamatrizandujar.org\/wp-content\/uploads\/2022\/04\/jaula-antes-de-la-guerra-616x1024.jpg 616w, https:\/\/cofradiamatrizandujar.org\/wp-content\/uploads\/2022\/04\/jaula-antes-de-la-guerra-768x1276.jpg 768w, https:\/\/cofradiamatrizandujar.org\/wp-content\/uploads\/2022\/04\/jaula-antes-de-la-guerra-924x1536.jpg 924w\" sizes=\"auto, (max-width: 1123px) 100vw, 1123px\" \/><\/a><figcaption>Caj\u00f3n de Traslado, A\u00f1o 1909<\/figcaption><\/figure>\n<\/figure>\n\n\n\n<p><\/p>\n\n\n\n<p>Esta jaula est\u00e1 preparada para las inclemencias del tiempo como se pudo ver el pasado noviembre 2009, donde se revisti\u00f3 de metacrilato para que la imagen no se da\u00f1ara en su traslado.<\/p>","protected":false},"excerpt":{"rendered":"<p>La Jaula de traslado es el m\u00e9todo con el que la Virgen de la Cabeza se traslada a And\u00fajar. Este m\u00e9todo ha cambiado a lo largo de la Historia, ya que en la antig\u00fcedad nuestra titular bajaba en un caj\u00f3n de madera.&nbsp; Despu\u00e9s de la Guerra civil se fabric\u00f3 lo que hasta hoy se denomina [&hellip;]<\/p>\n","protected":false},"author":1,"featured_media":1918,"parent":132,"menu_order":0,"comment_status":"closed","ping_status":"closed","template":"","meta":{"_genesis_hide_title":false,"_genesis_hide_breadcrumbs":false,"_genesis_hide_singular_image":false,"_genesis_hide_footer_widgets":false,"_genesis_custom_body_class":"","_genesis_custom_post_class":"","_genesis_layout":"","footnotes":""},"class_list":{"0":"post-1877","1":"page","2":"type-page","3":"status-publish","4":"has-post-thumbnail","6":"entry"},"featured_image_src":"https:\/\/cofradiamatrizandujar.org\/wp-content\/uploads\/2022\/04\/jaula-de-traslado-3-600x400.jpg","featured_image_src_square":"https:\/\/cofradiamatrizandujar.org\/wp-content\/uploads\/2022\/04\/jaula-de-traslado-3-600x600.jpg","_links":{"self":[{"href":"https:\/\/cofradiamatrizandujar.org\/en\/wp-json\/wp\/v2\/pages\/1877","targetHints":{"allow":["GET"]}}],"collection":[{"href":"https:\/\/cofradiamatrizandujar.org\/en\/wp-json\/wp\/v2\/pages"}],"about":[{"href":"https:\/\/cofradiamatrizandujar.org\/en\/wp-json\/wp\/v2\/types\/page"}],"author":[{"embeddable":true,"href":"https:\/\/cofradiamatrizandujar.org\/en\/wp-json\/wp\/v2\/users\/1"}],"replies":[{"embeddable":true,"href":"https:\/\/cofradiamatrizandujar.org\/en\/wp-json\/wp\/v2\/comments?post=1877"}],"version-history":[{"count":6,"href":"https:\/\/cofradiamatrizandujar.org\/en\/wp-json\/wp\/v2\/pages\/1877\/revisions"}],"predecessor-version":[{"id":3560,"href":"https:\/\/cofradiamatrizandujar.org\/en\/wp-json\/wp\/v2\/pages\/1877\/revisions\/3560"}],"up":[{"embeddable":true,"href":"https:\/\/cofradiamatrizandujar.org\/en\/wp-json\/wp\/v2\/pages\/132"}],"wp:featuredmedia":[{"embeddable":true,"href":"https:\/\/cofradiamatrizandujar.org\/en\/wp-json\/wp\/v2\/media\/1918"}],"wp:attachment":[{"href":"https:\/\/cofradiamatrizandujar.org\/en\/wp-json\/wp\/v2\/media?parent=1877"}],"curies":[{"name":"wp","href":"https:\/\/api.w.org\/{rel}","templated":true}]}}