{"id":1966,"date":"2022-04-05T16:14:14","date_gmt":"2022-04-05T16:14:14","guid":{"rendered":"https:\/\/cofradiamatrizandujar.org\/?page_id=1966"},"modified":"2022-04-05T16:14:15","modified_gmt":"2022-04-05T16:14:15","slug":"transcripcion-de-la-concordia-1555","status":"publish","type":"page","link":"https:\/\/cofradiamatrizandujar.org\/en\/filiales\/transcripcion-de-la-concordia-1555","title":{"rendered":"Transcripci\u00f3n de la concordia 1555"},"content":{"rendered":"<p>CONCORDIA DE LA COFRAD\u00cdA DE AND\u00daJAR FECHADA EL 27 DE ABRIL DE 1555, DOMINGO DE LA VIRGEN, OTORGANDO LA ANTIG\u00dcEDAD Y EL PUESTO EN LA PROCESI\u00d3N A LAS COFRAD\u00cdAS ASISTENTES.<\/p>\n\n\n\n<p>Se trata este, en particular, de un documento de extraordinario valor hist\u00f3rico por su importancia y por ser en cuesti\u00f3n la Cofrad\u00eda de And\u00fajar, que en la misma se hace llamar \u201ccabeza y principal\u201d, sin\u00f3nimo inequ\u00edvoco de su actual condici\u00f3n de Matriz, la que otorgaba el puesto de antig\u00fcedad debido al resto de cofrad\u00edas asistentes que, al amparo y en uni\u00f3n de aquella, participaban en la procesi\u00f3n que ten\u00eda lugar el \u00faltimo domingo del mes de abril, con motivo de la tradicional y antiqu\u00edsima romer\u00eda que esta corporaci\u00f3n tributaba, y tributa, a su Amant\u00edsima titular y patrona nuestra, la Stma. Virgen de la Cabeza.<\/p>\n\n\n\n<p>Transcrita literalmente, dice lo siguiente:<\/p>\n\n\n\n<p>\u201cEn la hermita de Nuestra Se\u00f1ora de la Cabeca XXVII d\u00edas \/ del mes de abril de mil e quinientos e cinquenta e cinco a\u00f1os los se\u00f1ores Pedro Ladr\u00f3n piostre e \/ Luis Ventosillo e Alonso Garc\u00eda de Castilla, alcaldes \/ e Francisco de Lubr\u00e1n y el bachiller Miguel Jurado, Juan de Morales, Goncalo de Vago, Juan Alonso de Pi\u00e9drola, \/ diputados e Goncalo de Lubr\u00e1n cofrade e Pedro Franco \/ mayordomo acordaron de dar orden en c\u00f3mo \/ vayan las hermandades cada una por su antig\u00fce\/dad e para que personas a cabildo para que con ellos se decla \/ re la antig\u00fcedad e se pregon\u00f3 p\u00fablicamente con \/ trompetas en el cerro e estancias de la Se\u00f1ora e se apercibi\u00f3 \/ al dicho ajuntamiento e vinieron las personas siguientes:\/.<\/p>\n\n\n\n<p>De Colomera Francisco L\u00f3pez Torriente \/ e Venito Garc\u00eda el Rando cofrades de la dicha cofrad\u00eda. \/.<br>De Lucena Juan de Arjona e Pedro S\u00e1nchez Hurtado, oficiales \/ de la dicha cofrad\u00eda.<br>De Arjona Miguel de Espinosa, mayordomo.<br>De Aguilar Ant\u00f3n S\u00e1nchez el Pardo \/ cofrade y el jurado San Mart\u00edn, hermano mayor \/ de la cofrad\u00eda.<br>De Antequera Hern\u00e1n S\u00e1nchez Gallego, hermano mayor \/ de la cofrad\u00eda.<br>De Almod\u00f3var del Campo los se\u00f1ores capellanes \/ Juan S\u00e1nchez y Bartolom\u00e9 Guarnizo, hermanos de la dicha cofrad\u00eda.<br>De Almagro Diego L\u00f3pez de Molina, alcalde y Hermando de \/ Contreras, mayordomo, e Juan Mart\u00ednez de Tala\/vera, capell\u00e1n \/.<br>De C\u00f3rdova Sebasti\u00e1n de Mora, hermano mayor \/ priostre e Diego Hern\u00e1ndez, oficial de los seis.<br>De la Rambla Juan Ru\u00edz Galeote cofrade e ma\/se Pedro Crespo, alcalde.<br>De la villa de Osuna Diego Rodr\u00edguez Serrano prios\/tre e Juan Ynfante, alcalde\/<br>De la cibdad de Vbeda vino un cofrade con vna \/ hacha e dixo que e ordenava cofrad\u00eda e se \/ ven\u00eda a presentar*.\/.<\/p>\n\n\n\n<p>Los quales todos trataron de las antig\u00fcedades \/ de las dichas cofrad\u00edas para yr e la procesi\u00f3n de Nuestra \/ Se\u00f1ora cada vna por su antig\u00fcedad los quales \/ confesaron todos que por su antig\u00fcedad an de \/ yr en la procesi\u00f3n en la manera siguiente:\/.<\/p>\n\n\n\n<p>La primera cofrad\u00eda de la dicha ciudad de And\u00fajar como cabeca e principal. \/<br>La segunda la de la villa de Arjona. \/<br>Tercera la de la villa de Colomera. \/<br>La quarta la villa de Lucena \/.<br>La quinta la villa de Aguilar\/.<br>La sesta la de la cibdad de Antequera.\/.<br>La setima la villa de Almod\u00f3var del Campo \/.<br>La otava la de la villa de Almagro \/.<br>La novena la de la cibdad de C\u00f3rdova. \/.<br>La d\u00e9zima la de la villa de la Rambla \/.<br>La vnd\u00e9cima la de la villa de Osuna \/.<\/p>\n\n\n\n<p>La duod\u00e9cima la que se present\u00f3 un cofrade \/ e dixo que se hace la cofrad\u00eda e se presentarie despu\u00e9s de hecha no gane delantera hasta ser presentada, era de la cibdad de \u00dabeda, e as\u00ed lo apro\/varon e prometieron de guardar e lo firmaron \/ los que sab\u00edan por ellos e por los que no sab\u00edan \/ e por Arjona firm\u00f3 Juan P\u00e9rez de Carvajal. (Libro de cabildo de la Cofrad\u00eda Matriz, a\u00f1os 1554-1556, folio. 14v. inserto en la obra \u201cEl origen de la romer\u00eda de la Virgen de la Cabeza de Sierra Morena. Rafael Fr\u00edas Mar\u00edn, 2016). (Mond\u00e9jar Exp\u00f3sito 2021, p\u00e1gs. 150-151).<\/p>","protected":false},"excerpt":{"rendered":"<p>CONCORDIA DE LA COFRAD\u00cdA DE AND\u00daJAR FECHADA EL 27 DE ABRIL DE 1555, DOMINGO DE LA VIRGEN, OTORGANDO LA ANTIG\u00dcEDAD Y EL PUESTO EN LA PROCESI\u00d3N A LAS COFRAD\u00cdAS ASISTENTES. Se trata este, en particular, de un documento de extraordinario valor hist\u00f3rico por su importancia y por ser en cuesti\u00f3n la Cofrad\u00eda de And\u00fajar, que [&hellip;]<\/p>\n","protected":false},"author":1,"featured_media":0,"parent":177,"menu_order":0,"comment_status":"closed","ping_status":"closed","template":"","meta":{"_genesis_hide_title":false,"_genesis_hide_breadcrumbs":false,"_genesis_hide_singular_image":false,"_genesis_hide_footer_widgets":false,"_genesis_custom_body_class":"","_genesis_custom_post_class":"","_genesis_layout":"","footnotes":""},"class_list":{"0":"post-1966","1":"page","2":"type-page","3":"status-publish","5":"entry"},"featured_image_src":null,"featured_image_src_square":null,"_links":{"self":[{"href":"https:\/\/cofradiamatrizandujar.org\/en\/wp-json\/wp\/v2\/pages\/1966","targetHints":{"allow":["GET"]}}],"collection":[{"href":"https:\/\/cofradiamatrizandujar.org\/en\/wp-json\/wp\/v2\/pages"}],"about":[{"href":"https:\/\/cofradiamatrizandujar.org\/en\/wp-json\/wp\/v2\/types\/page"}],"author":[{"embeddable":true,"href":"https:\/\/cofradiamatrizandujar.org\/en\/wp-json\/wp\/v2\/users\/1"}],"replies":[{"embeddable":true,"href":"https:\/\/cofradiamatrizandujar.org\/en\/wp-json\/wp\/v2\/comments?post=1966"}],"version-history":[{"count":1,"href":"https:\/\/cofradiamatrizandujar.org\/en\/wp-json\/wp\/v2\/pages\/1966\/revisions"}],"predecessor-version":[{"id":1967,"href":"https:\/\/cofradiamatrizandujar.org\/en\/wp-json\/wp\/v2\/pages\/1966\/revisions\/1967"}],"up":[{"embeddable":true,"href":"https:\/\/cofradiamatrizandujar.org\/en\/wp-json\/wp\/v2\/pages\/177"}],"wp:attachment":[{"href":"https:\/\/cofradiamatrizandujar.org\/en\/wp-json\/wp\/v2\/media?parent=1966"}],"curies":[{"name":"wp","href":"https:\/\/api.w.org\/{rel}","templated":true}]}}