{"id":435,"date":"2022-03-11T12:02:38","date_gmt":"2022-03-11T12:02:38","guid":{"rendered":"https:\/\/cofradiamatrizandujar.org\/?page_id=435"},"modified":"2022-03-11T12:05:10","modified_gmt":"2022-03-11T12:05:10","slug":"boja-medalla-junta-andalucia","status":"publish","type":"page","link":"https:\/\/cofradiamatrizandujar.org\/en\/la-cofradia\/patrimonio\/condecoraciones\/medalla-de-andalucia\/boja-medalla-junta-andalucia","title":{"rendered":"BOJA Medalla Junta Andaluc\u00eda"},"content":{"rendered":"<p class=\"has-text-align-center\">DECRETO 4612001, de 22 de febrero, por el que se concede la Medalla de Andaluc\u00eda a la Real Cofrad\u00eda Matriz Virgen de la Cabeza de And\u00fajar.<\/p>\n\n\n\n<p class=\"has-text-align-center\">\u200bEl Decreto 11711985, de 5 de junio, por el que se crea la Medalla de Andaluc\u00eda, establece que tal distinci\u00f3n se conceder\u00e1 en reconocimiento a las acciones, servicios y m\u00e9ritos excepcionales o extraordinarios realizados por personas o entidades que sean manifestaci\u00f3n del trabajo y la solidaridad en beneficio de los dem\u00e1s ciudadanos.<\/p>\n\n\n\n<p class=\"has-text-align-center\">\u200bLa Real Cofrad\u00eda Matriz Virgen de la Cabeza, de And\u00fajar, remonta sus or\u00edgenes al siglo XIII, siendo la m\u00e1s antigua de cuantas existen en Espa\u00f1a. A\u00f1o tras a\u00f1o y siglo tras siglo ha hecho posible con su constancia, responsabilidad y profesi\u00f3n de fe que la fiesta mayor de And\u00fajar sea conocida internacionalmente y valorada en toda su dimensi\u00f3n.<\/p>\n\n\n\n<p class=\"has-text-align-center\">\u200bEsta advocaci\u00f3n mariana acoge durante su romer\u00eda en el Santuario de la Cabeza a m\u00e1s de quinientos mil peregrinos. El \u00faltimo domingo de abril es fecha de referencia en el calendario de millones de ciudadanos del mundo, deseosos de reunirse en el coraz\u00f3n de Sierra Morena, acompa\u00f1ando a la Virgen de la Cabeza, a su Virgen Morena.<\/p>\n\n\n\n<p class=\"has-text-align-center\">\u200bEste movimiento basado en la fe, que guard\u00f3 el pueblo de And\u00fajar durante siglos, es un referente de&nbsp; Andaluc\u00eda y patrimonio cultural de la Humanidad.<\/p>\n\n\n\n<p class=\"has-text-align-center\">\u200bEs manifiesto, por tanto, que en La Real Cofrad\u00eda Matriz Virgen de la Cabeza, de And\u00fajar, concurren m\u00e9ritos suficientes para hacerse acreedora a la referida distinci\u00f3n.<\/p>\n\n\n\n<p class=\"has-text-align-center\">\u200bEn su virtud, a iniciativa y propuesta de la Consejer\u00eda de la Presidencia, y previa deliberaci\u00f3n del Consejo de Gobierno en su reuni\u00f3n del d\u00eda 22 de febrero de 2001.<\/p>\n\n\n\n<p class=\"has-text-align-center\">DISPONGO<\/p>\n\n\n\n<p class=\"has-text-align-center\">Art\u00edculo \u00fanico. Se concede a La Real Cofrad\u00eda Matriz Virgen de la Cabeza, de And\u00fajar, la Medalla de Andaluc\u00eda, con todos los honores previstos en el Decreto 1 1 711985, de 5 de junio. Sevilla, 22 de febrero de 2001.<\/p>\n\n\n\n<div class=\"wp-block-columns is-layout-flex wp-container-core-columns-is-layout-1 wp-block-columns-is-layout-flex\">\n<div class=\"wp-block-column is-layout-flow wp-block-column-is-layout-flow\">\n<p class=\"has-text-align-center\">Gaspar Zarr\u00edas Ar\u00e9valo<\/p>\n\n\n\n<p class=\"has-text-align-center\">Consejero de la Presidencia<\/p>\n<\/div>\n\n\n\n<div class=\"wp-block-column is-layout-flow wp-block-column-is-layout-flow\">\n<p class=\"has-text-align-center\">Manuel Chaves Gonz\u00e1lez<\/p>\n\n\n\n<p class=\"has-text-align-center\">Presidente de la junta de Andaluc\u00eda<\/p>\n<\/div>\n<\/div>\n\n\n\n<p>&nbsp; &nbsp; &nbsp; &nbsp; &nbsp; &nbsp; &nbsp; &nbsp; &nbsp; &nbsp; &nbsp; &nbsp; &nbsp; &nbsp; &nbsp; &nbsp; &nbsp; &nbsp; &nbsp; &nbsp;<br><\/p>","protected":false},"excerpt":{"rendered":"<p>DECRETO 4612001, de 22 de febrero, por el que se concede la Medalla de Andaluc\u00eda a la Real Cofrad\u00eda Matriz Virgen de la Cabeza de And\u00fajar. \u200bEl Decreto 11711985, de 5 de junio, por el que se crea la Medalla de Andaluc\u00eda, establece que tal distinci\u00f3n se conceder\u00e1 en reconocimiento a las acciones, servicios y [&hellip;]<\/p>\n","protected":false},"author":1,"featured_media":429,"parent":156,"menu_order":0,"comment_status":"closed","ping_status":"closed","template":"","meta":{"_genesis_hide_title":false,"_genesis_hide_breadcrumbs":false,"_genesis_hide_singular_image":false,"_genesis_hide_footer_widgets":false,"_genesis_custom_body_class":"","_genesis_custom_post_class":"","_genesis_layout":"","footnotes":""},"class_list":{"0":"post-435","1":"page","2":"type-page","3":"status-publish","4":"has-post-thumbnail","6":"entry"},"featured_image_src":"https:\/\/cofradiamatrizandujar.org\/wp-content\/uploads\/2022\/03\/medalla-andalucia-600x400.jpg","featured_image_src_square":"https:\/\/cofradiamatrizandujar.org\/wp-content\/uploads\/2022\/03\/medalla-andalucia-600x600.jpg","_links":{"self":[{"href":"https:\/\/cofradiamatrizandujar.org\/en\/wp-json\/wp\/v2\/pages\/435","targetHints":{"allow":["GET"]}}],"collection":[{"href":"https:\/\/cofradiamatrizandujar.org\/en\/wp-json\/wp\/v2\/pages"}],"about":[{"href":"https:\/\/cofradiamatrizandujar.org\/en\/wp-json\/wp\/v2\/types\/page"}],"author":[{"embeddable":true,"href":"https:\/\/cofradiamatrizandujar.org\/en\/wp-json\/wp\/v2\/users\/1"}],"replies":[{"embeddable":true,"href":"https:\/\/cofradiamatrizandujar.org\/en\/wp-json\/wp\/v2\/comments?post=435"}],"version-history":[{"count":3,"href":"https:\/\/cofradiamatrizandujar.org\/en\/wp-json\/wp\/v2\/pages\/435\/revisions"}],"predecessor-version":[{"id":1973,"href":"https:\/\/cofradiamatrizandujar.org\/en\/wp-json\/wp\/v2\/pages\/435\/revisions\/1973"}],"up":[{"embeddable":true,"href":"https:\/\/cofradiamatrizandujar.org\/en\/wp-json\/wp\/v2\/pages\/156"}],"wp:featuredmedia":[{"embeddable":true,"href":"https:\/\/cofradiamatrizandujar.org\/en\/wp-json\/wp\/v2\/media\/429"}],"wp:attachment":[{"href":"https:\/\/cofradiamatrizandujar.org\/en\/wp-json\/wp\/v2\/media?parent=435"}],"curies":[{"name":"wp","href":"https:\/\/api.w.org\/{rel}","templated":true}]}}