{"id":502,"date":"2022-03-17T16:16:40","date_gmt":"2022-03-17T16:16:40","guid":{"rendered":"https:\/\/cofradiamatrizandujar.org\/?page_id=502"},"modified":"2022-08-23T15:05:04","modified_gmt":"2022-08-23T15:05:04","slug":"estandarte","status":"publish","type":"page","link":"https:\/\/cofradiamatrizandujar.org\/en\/la-cofradia\/patrimonio\/estandarte","title":{"rendered":"Banner"},"content":{"rendered":"<p>En el a\u00f1o 2005, la hermandad estren\u00f3 un nuevo Estandarte, como insignia representativa de la Stma. Virgen de la Cabeza, siendo portado en las procesiones de la Sagrada Imagen, Corpus Christi e Inmaculada Concepci\u00f3n. Su dise\u00f1o fue donado por el artista andujare\u00f1o Pedro Palenciano Olivares y con \u00e9l se ha pretendido recuperar la tradici\u00f3n perdida en la Romer\u00eda de la Stma. Virgen de la Cabeza de los Estandartes monumentales de siglos pasados. Estos estandartes llevaban en su anverso una representaci\u00f3n del momento de la aparici\u00f3n de Ntra. Sra. y eran custodiadas en las archirepresentadas tiendas que las Hermandades levantaban en el Cerro del Cabezo en Romer\u00eda, como aparece en numerosos \u00f3leos del siglo XVII.<\/p>\n\n\n\n<figure class=\"wp-block-gallery has-nested-images columns-default is-cropped wp-block-gallery-1 is-layout-flex wp-block-gallery-is-layout-flex\">\n<figure class=\"wp-block-image size-large\"><a href=\"https:\/\/cofradiamatrizandujar.org\/en\/la-cofradia\/patrimonio\/estandarte\/estandarte-cofradia-andujar-2\/\"><img loading=\"lazy\" decoding=\"async\" width=\"683\" height=\"1024\" data-id=\"748\" src=\"https:\/\/cofradiamatrizandujar.org\/wp-content\/uploads\/2022\/03\/estandarte-cofradia-andujar-2-683x1024.jpg\" alt=\"\" class=\"wp-image-748\" srcset=\"https:\/\/cofradiamatrizandujar.org\/wp-content\/uploads\/2022\/03\/estandarte-cofradia-andujar-2-683x1024.jpg 683w, https:\/\/cofradiamatrizandujar.org\/wp-content\/uploads\/2022\/03\/estandarte-cofradia-andujar-2-200x300.jpg 200w, https:\/\/cofradiamatrizandujar.org\/wp-content\/uploads\/2022\/03\/estandarte-cofradia-andujar-2-768x1152.jpg 768w, https:\/\/cofradiamatrizandujar.org\/wp-content\/uploads\/2022\/03\/estandarte-cofradia-andujar-2-520x780.jpg 520w, https:\/\/cofradiamatrizandujar.org\/wp-content\/uploads\/2022\/03\/estandarte-cofradia-andujar-2.jpg 800w\" sizes=\"auto, (max-width: 683px) 100vw, 683px\" \/><\/a><\/figure>\n\n\n\n<figure class=\"wp-block-image size-large\"><a href=\"https:\/\/cofradiamatrizandujar.org\/en\/la-cofradia\/patrimonio\/estandarte\/estandarte-cofradia-andujar-3\/\"><img loading=\"lazy\" decoding=\"async\" width=\"683\" height=\"1024\" data-id=\"750\" src=\"https:\/\/cofradiamatrizandujar.org\/wp-content\/uploads\/2022\/03\/estandarte-cofradia-andujar-3-683x1024.jpg\" alt=\"\" class=\"wp-image-750\" srcset=\"https:\/\/cofradiamatrizandujar.org\/wp-content\/uploads\/2022\/03\/estandarte-cofradia-andujar-3-683x1024.jpg 683w, https:\/\/cofradiamatrizandujar.org\/wp-content\/uploads\/2022\/03\/estandarte-cofradia-andujar-3-200x300.jpg 200w, https:\/\/cofradiamatrizandujar.org\/wp-content\/uploads\/2022\/03\/estandarte-cofradia-andujar-3-768x1152.jpg 768w, https:\/\/cofradiamatrizandujar.org\/wp-content\/uploads\/2022\/03\/estandarte-cofradia-andujar-3-520x780.jpg 520w, https:\/\/cofradiamatrizandujar.org\/wp-content\/uploads\/2022\/03\/estandarte-cofradia-andujar-3.jpg 800w\" sizes=\"auto, (max-width: 683px) 100vw, 683px\" \/><\/a><\/figure>\n\n\n\n<figure class=\"wp-block-image size-large\"><a href=\"https:\/\/cofradiamatrizandujar.org\/en\/la-cofradia\/patrimonio\/estandarte\/proyecto-estandarte-cofradia\/\"><img loading=\"lazy\" decoding=\"async\" width=\"683\" height=\"1024\" data-id=\"749\" src=\"https:\/\/cofradiamatrizandujar.org\/wp-content\/uploads\/2022\/03\/proyecto-estandarte-cofradia-683x1024.jpg\" alt=\"\" class=\"wp-image-749\" srcset=\"https:\/\/cofradiamatrizandujar.org\/wp-content\/uploads\/2022\/03\/proyecto-estandarte-cofradia-683x1024.jpg 683w, https:\/\/cofradiamatrizandujar.org\/wp-content\/uploads\/2022\/03\/proyecto-estandarte-cofradia-200x300.jpg 200w, https:\/\/cofradiamatrizandujar.org\/wp-content\/uploads\/2022\/03\/proyecto-estandarte-cofradia-768x1152.jpg 768w, https:\/\/cofradiamatrizandujar.org\/wp-content\/uploads\/2022\/03\/proyecto-estandarte-cofradia-520x780.jpg 520w, https:\/\/cofradiamatrizandujar.org\/wp-content\/uploads\/2022\/03\/proyecto-estandarte-cofradia.jpg 800w\" sizes=\"auto, (max-width: 683px) 100vw, 683px\" \/><\/a><\/figure>\n<\/figure>\n\n\n\n<p><\/p>\n\n\n\n<h3 class=\"wp-block-heading\">\u00d3leo<\/h3>\n\n\n\n<p>Toda la forma del Estandarte aparece bordada y recortada en su figura. De las dos esquinas superiores asoman, pendiendo de sendas volutas, dos campanillas de plata, representando la simbolog\u00eda tradicional del momento de la Aparici\u00f3n, y a cada lado penden dos cordones con tres borlas. El campo de fondo carmes\u00ed que se encuentra entre la orla que contiene el lienzo y la cenefa que sirve de contorno a toda la pieza, se adorna con una filigrana de flores de jara, azahar y azucenas.<\/p>\n\n\n\n<h3 class=\"wp-block-heading\">Bordados<\/h3>\n\n\n\n<p>Toda la forma del Estandarte aparece bordada y recortada en su figura. De las dos esquinas superiores asoman, pendiendo de sendas volutas, dos campanillas de plata, representando la simbolog\u00eda tradicional del momento de la Aparici\u00f3n, y a cada lado penden dos cordones con tres borlas. El campo de fondo carmes\u00ed que se encuentra entre la orla que contiene el lienzo y la cenefa que sirve de contorno a toda la pieza, se adorna con una filigrana de flores de jara, azahar y azucenas.<\/p>\n\n\n\n<h3 class=\"wp-block-heading\">Vara<\/h3>\n\n\n\n<p>Fabricada en su totalidad en plata de ley, sostiene al Estandarte y est\u00e1 dividida en diez ca\u00f1ones ensamblados entre s\u00ed, conteniendo relieves alusivos a la flora aut\u00f3ctona de Sierra Morena. El remate presenta una cartela en cuyo anverso se enmarca el dogma de la Inmaculada Concepci\u00f3n de la Virgen Mar\u00eda, figurando en su reverso la representaci\u00f3n del momento de su Asunci\u00f3n Gloriosa a los Cielos, en cuerpo y alma. Ambas figuraciones recalcan la vinculaci\u00f3n Concepcionista y Asuncionista que la Hermandad Matriz sostiene. Todo el conjunto est\u00e1 rematado por una cruz labrada en plata y sustentada sobre macolla, simbolizando nuestra pertenencia a la fe cristiana.<\/p>\n\n\n\n<figure class=\"wp-block-image size-large\"><img loading=\"lazy\" decoding=\"async\" width=\"1024\" height=\"683\" src=\"https:\/\/cofradiamatrizandujar.org\/wp-content\/uploads\/2022\/03\/estandarte-cofradia-andujar-1-1024x683.jpg\" alt=\"\" class=\"wp-image-751\" srcset=\"https:\/\/cofradiamatrizandujar.org\/wp-content\/uploads\/2022\/03\/estandarte-cofradia-andujar-1-1024x683.jpg 1024w, https:\/\/cofradiamatrizandujar.org\/wp-content\/uploads\/2022\/03\/estandarte-cofradia-andujar-1-300x200.jpg 300w, https:\/\/cofradiamatrizandujar.org\/wp-content\/uploads\/2022\/03\/estandarte-cofradia-andujar-1-768x512.jpg 768w, https:\/\/cofradiamatrizandujar.org\/wp-content\/uploads\/2022\/03\/estandarte-cofradia-andujar-1-600x400.jpg 600w, https:\/\/cofradiamatrizandujar.org\/wp-content\/uploads\/2022\/03\/estandarte-cofradia-andujar-1.jpg 1200w\" sizes=\"auto, (max-width: 1024px) 100vw, 1024px\" \/><\/figure>","protected":false},"excerpt":{"rendered":"<p>En el a\u00f1o 2005, la hermandad estren\u00f3 un nuevo Estandarte, como insignia representativa de la Stma. Virgen de la Cabeza, siendo portado en las procesiones de la Sagrada Imagen, Corpus Christi e Inmaculada Concepci\u00f3n. Su dise\u00f1o fue donado por el artista andujare\u00f1o Pedro Palenciano Olivares y con \u00e9l se ha pretendido recuperar la tradici\u00f3n perdida [&hellip;]<\/p>\n","protected":false},"author":1,"featured_media":64,"parent":132,"menu_order":0,"comment_status":"closed","ping_status":"closed","template":"","meta":{"_genesis_hide_title":false,"_genesis_hide_breadcrumbs":false,"_genesis_hide_singular_image":false,"_genesis_hide_footer_widgets":false,"_genesis_custom_body_class":"","_genesis_custom_post_class":"","_genesis_layout":"","footnotes":""},"class_list":{"0":"post-502","1":"page","2":"type-page","3":"status-publish","4":"has-post-thumbnail","6":"entry"},"featured_image_src":"https:\/\/cofradiamatrizandujar.org\/wp-content\/uploads\/2022\/03\/fono-estandarte-600x400.jpg","featured_image_src_square":"https:\/\/cofradiamatrizandujar.org\/wp-content\/uploads\/2022\/03\/fono-estandarte-600x600.jpg","_links":{"self":[{"href":"https:\/\/cofradiamatrizandujar.org\/en\/wp-json\/wp\/v2\/pages\/502","targetHints":{"allow":["GET"]}}],"collection":[{"href":"https:\/\/cofradiamatrizandujar.org\/en\/wp-json\/wp\/v2\/pages"}],"about":[{"href":"https:\/\/cofradiamatrizandujar.org\/en\/wp-json\/wp\/v2\/types\/page"}],"author":[{"embeddable":true,"href":"https:\/\/cofradiamatrizandujar.org\/en\/wp-json\/wp\/v2\/users\/1"}],"replies":[{"embeddable":true,"href":"https:\/\/cofradiamatrizandujar.org\/en\/wp-json\/wp\/v2\/comments?post=502"}],"version-history":[{"count":4,"href":"https:\/\/cofradiamatrizandujar.org\/en\/wp-json\/wp\/v2\/pages\/502\/revisions"}],"predecessor-version":[{"id":3553,"href":"https:\/\/cofradiamatrizandujar.org\/en\/wp-json\/wp\/v2\/pages\/502\/revisions\/3553"}],"up":[{"embeddable":true,"href":"https:\/\/cofradiamatrizandujar.org\/en\/wp-json\/wp\/v2\/pages\/132"}],"wp:featuredmedia":[{"embeddable":true,"href":"https:\/\/cofradiamatrizandujar.org\/en\/wp-json\/wp\/v2\/media\/64"}],"wp:attachment":[{"href":"https:\/\/cofradiamatrizandujar.org\/en\/wp-json\/wp\/v2\/media?parent=502"}],"curies":[{"name":"wp","href":"https:\/\/api.w.org\/{rel}","templated":true}]}}