{"id":512,"date":"2022-03-17T17:37:30","date_gmt":"2022-03-17T17:37:30","guid":{"rendered":"https:\/\/cofradiamatrizandujar.org\/?page_id=512"},"modified":"2022-03-22T09:24:54","modified_gmt":"2022-03-22T09:24:54","slug":"peana-y-resplandor","status":"publish","type":"page","link":"https:\/\/cofradiamatrizandujar.org\/en\/la-cofradia\/patrimonio\/peana-y-resplandor","title":{"rendered":"Pedestal and glow"},"content":{"rendered":"<p>La peana y resplandor que entronizan a la Stma. Virgen en su camar\u00edn son de las piezas de orfebrer\u00eda m\u00e1s antiguas que se han conservado en el Santuario, data si no todo, al menos partes del siglo XVII, contiene algunas cartelas sobre doradas, cargadas de gran simbolismo religioso y de significaci\u00f3n hist\u00f3rica. Recientemente ha sido restaurada tanto la peana y r\u00e1fagas como la nube con \u00e1ngeles, en madera policromada, que sostiene a todo el conjunto.<\/p>\n\n\n\n<div class=\"wp-block-image is-style-image-corners\"><figure class=\"aligncenter size-large\"><img loading=\"lazy\" decoding=\"async\" width=\"683\" height=\"1024\" src=\"https:\/\/cofradiamatrizandujar.org\/wp-content\/uploads\/2022\/03\/peana-y-resplandor-683x1024.png\" alt=\"\" class=\"wp-image-970\" srcset=\"https:\/\/cofradiamatrizandujar.org\/wp-content\/uploads\/2022\/03\/peana-y-resplandor-683x1024.png 683w, https:\/\/cofradiamatrizandujar.org\/wp-content\/uploads\/2022\/03\/peana-y-resplandor-200x300.png 200w, https:\/\/cofradiamatrizandujar.org\/wp-content\/uploads\/2022\/03\/peana-y-resplandor-768x1152.png 768w, https:\/\/cofradiamatrizandujar.org\/wp-content\/uploads\/2022\/03\/peana-y-resplandor-520x780.png 520w, https:\/\/cofradiamatrizandujar.org\/wp-content\/uploads\/2022\/03\/peana-y-resplandor.png 800w\" sizes=\"auto, (max-width: 683px) 100vw, 683px\" \/><\/figure><\/div>","protected":false},"excerpt":{"rendered":"<p>La peana y resplandor que entronizan a la Stma. Virgen en su camar\u00edn son de las piezas de orfebrer\u00eda m\u00e1s antiguas que se han conservado en el Santuario, data si no todo, al menos partes del siglo XVII, contiene algunas cartelas sobre doradas, cargadas de gran simbolismo religioso y de significaci\u00f3n hist\u00f3rica. Recientemente ha sido [&hellip;]<\/p>\n","protected":false},"author":1,"featured_media":971,"parent":132,"menu_order":0,"comment_status":"closed","ping_status":"closed","template":"","meta":{"_genesis_hide_title":false,"_genesis_hide_breadcrumbs":false,"_genesis_hide_singular_image":false,"_genesis_hide_footer_widgets":false,"_genesis_custom_body_class":"","_genesis_custom_post_class":"","_genesis_layout":"","footnotes":""},"class_list":{"0":"post-512","1":"page","2":"type-page","3":"status-publish","4":"has-post-thumbnail","6":"entry"},"featured_image_src":"https:\/\/cofradiamatrizandujar.org\/wp-content\/uploads\/2022\/03\/peana-primer-plano-600x400.png","featured_image_src_square":"https:\/\/cofradiamatrizandujar.org\/wp-content\/uploads\/2022\/03\/peana-primer-plano-600x600.png","_links":{"self":[{"href":"https:\/\/cofradiamatrizandujar.org\/en\/wp-json\/wp\/v2\/pages\/512","targetHints":{"allow":["GET"]}}],"collection":[{"href":"https:\/\/cofradiamatrizandujar.org\/en\/wp-json\/wp\/v2\/pages"}],"about":[{"href":"https:\/\/cofradiamatrizandujar.org\/en\/wp-json\/wp\/v2\/types\/page"}],"author":[{"embeddable":true,"href":"https:\/\/cofradiamatrizandujar.org\/en\/wp-json\/wp\/v2\/users\/1"}],"replies":[{"embeddable":true,"href":"https:\/\/cofradiamatrizandujar.org\/en\/wp-json\/wp\/v2\/comments?post=512"}],"version-history":[{"count":2,"href":"https:\/\/cofradiamatrizandujar.org\/en\/wp-json\/wp\/v2\/pages\/512\/revisions"}],"predecessor-version":[{"id":972,"href":"https:\/\/cofradiamatrizandujar.org\/en\/wp-json\/wp\/v2\/pages\/512\/revisions\/972"}],"up":[{"embeddable":true,"href":"https:\/\/cofradiamatrizandujar.org\/en\/wp-json\/wp\/v2\/pages\/132"}],"wp:featuredmedia":[{"embeddable":true,"href":"https:\/\/cofradiamatrizandujar.org\/en\/wp-json\/wp\/v2\/media\/971"}],"wp:attachment":[{"href":"https:\/\/cofradiamatrizandujar.org\/en\/wp-json\/wp\/v2\/media?parent=512"}],"curies":[{"name":"wp","href":"https:\/\/api.w.org\/{rel}","templated":true}]}}