{"id":516,"date":"2022-03-17T17:39:00","date_gmt":"2022-03-17T17:39:00","guid":{"rendered":"https:\/\/cofradiamatrizandujar.org\/?page_id=516"},"modified":"2022-03-30T08:29:05","modified_gmt":"2022-03-30T08:29:05","slug":"inmuebles","status":"publish","type":"page","link":"https:\/\/cofradiamatrizandujar.org\/en\/la-cofradia\/patrimonio\/inmuebles","title":{"rendered":"Real estate"},"content":{"rendered":"<h2 class=\"wp-block-heading\">Casa de Cofrad\u00eda<\/h2>\n\n\n\n<p>En el poblado del Santuario, la Cofrad\u00eda Matriz dispone de una casa refugio construida despu\u00e9s de la guerra civil y que dispone de dos grandes salones, cocina, tres patios, servicios p\u00fablicos y numerosos dormitorios, casi todos con aseo propio, y que en total suman mas de 300 camas. En romer\u00eda la casa de cofrad\u00eda es ocupada \u00fanicamente por cofrades, mientras que el resto del a\u00f1o puede ser alquilada por quienes deseen solicitarla, as\u00ed como es cedida a las asociaciones y organizaciones sociales que la necesitan.<\/p>\n\n\n\n<figure class=\"wp-block-embed is-type-video is-provider-youtube wp-block-embed-youtube wp-embed-aspect-16-9 wp-has-aspect-ratio\"><div class=\"wp-block-embed__wrapper\">\n<iframe loading=\"lazy\" title=\"casa cofrad\u00eda\" width=\"500\" height=\"281\" src=\"https:\/\/www.youtube.com\/embed\/QhBbYE2qRnQ?feature=oembed\" frameborder=\"0\" allow=\"accelerometer; autoplay; clipboard-write; encrypted-media; gyroscope; picture-in-picture; web-share\" referrerpolicy=\"strict-origin-when-cross-origin\" allowfullscreen><\/iframe>\n<\/div><\/figure>\n\n\n\n<hr class=\"wp-block-separator\"\/>\n\n\n\n<h2 class=\"wp-block-heading\">Headquarters<\/h2>\n\n\n\n<p>En 2006 se inaugur\u00f3 la sede social de la Cofrad\u00eda Matriz en And\u00fajar, sita en la calle Vendederas n\u00famero 16 de la localidad. Un local de m\u00e1s de 350 metros cuadrados que alberga hay una sala de exposici\u00f3n, sal\u00f3n de reuniones y sala de junta, as\u00ed como dependencias para la secretar\u00eda, administraci\u00f3n y almac\u00e9n para los priostes.<\/p>","protected":false},"excerpt":{"rendered":"<p>Casa de Cofrad\u00eda En el poblado del Santuario, la Cofrad\u00eda Matriz dispone de una casa refugio construida despu\u00e9s de la guerra civil y que dispone de dos grandes salones, cocina, tres patios, servicios p\u00fablicos y numerosos dormitorios, casi todos con aseo propio, y que en total suman mas de 300 camas. En romer\u00eda la casa [&hellip;]<\/p>\n","protected":false},"author":1,"featured_media":1114,"parent":132,"menu_order":0,"comment_status":"closed","ping_status":"closed","template":"","meta":{"_genesis_hide_title":false,"_genesis_hide_breadcrumbs":false,"_genesis_hide_singular_image":false,"_genesis_hide_footer_widgets":false,"_genesis_custom_body_class":"","_genesis_custom_post_class":"","_genesis_layout":"","footnotes":""},"class_list":{"0":"post-516","1":"page","2":"type-page","3":"status-publish","4":"has-post-thumbnail","6":"entry"},"featured_image_src":"https:\/\/cofradiamatrizandujar.org\/wp-content\/uploads\/2022\/03\/casa-cofradia-matriz-virgen-de-la-cabeza-600x400.jpg","featured_image_src_square":"https:\/\/cofradiamatrizandujar.org\/wp-content\/uploads\/2022\/03\/casa-cofradia-matriz-virgen-de-la-cabeza-600x600.jpg","_links":{"self":[{"href":"https:\/\/cofradiamatrizandujar.org\/en\/wp-json\/wp\/v2\/pages\/516","targetHints":{"allow":["GET"]}}],"collection":[{"href":"https:\/\/cofradiamatrizandujar.org\/en\/wp-json\/wp\/v2\/pages"}],"about":[{"href":"https:\/\/cofradiamatrizandujar.org\/en\/wp-json\/wp\/v2\/types\/page"}],"author":[{"embeddable":true,"href":"https:\/\/cofradiamatrizandujar.org\/en\/wp-json\/wp\/v2\/users\/1"}],"replies":[{"embeddable":true,"href":"https:\/\/cofradiamatrizandujar.org\/en\/wp-json\/wp\/v2\/comments?post=516"}],"version-history":[{"count":4,"href":"https:\/\/cofradiamatrizandujar.org\/en\/wp-json\/wp\/v2\/pages\/516\/revisions"}],"predecessor-version":[{"id":1454,"href":"https:\/\/cofradiamatrizandujar.org\/en\/wp-json\/wp\/v2\/pages\/516\/revisions\/1454"}],"up":[{"embeddable":true,"href":"https:\/\/cofradiamatrizandujar.org\/en\/wp-json\/wp\/v2\/pages\/132"}],"wp:featuredmedia":[{"embeddable":true,"href":"https:\/\/cofradiamatrizandujar.org\/en\/wp-json\/wp\/v2\/media\/1114"}],"wp:attachment":[{"href":"https:\/\/cofradiamatrizandujar.org\/en\/wp-json\/wp\/v2\/media?parent=516"}],"curies":[{"name":"wp","href":"https:\/\/api.w.org\/{rel}","templated":true}]}}