{"id":563,"date":"2022-03-18T09:40:58","date_gmt":"2022-03-18T09:40:58","guid":{"rendered":"https:\/\/cofradiamatrizandujar.org\/?page_id=563"},"modified":"2024-04-03T16:32:06","modified_gmt":"2024-04-03T16:32:06","slug":"iconografia","status":"publish","type":"page","link":"https:\/\/cofradiamatrizandujar.org\/en\/la-imagen\/iconografia","title":{"rendered":"Iconography"},"content":{"rendered":"<h3 class=\"wp-block-heading\">Primitive Image of the Virgin of the Head<\/h3>\n\n\n\n<p>On the origin of the original Image there are no news is certain. The different hypotheses state that was carved in wood, prior to the ELEVENTH century and possibly of byzantine style. Keep in mind that in the east were sculpted virgin black that brought the pilgrims to the West back of the holy places.<\/p>\n\n\n\n<p>The little details certain is known of the old size, disappeared in 1936, from paintings of the SEVENTEENTH and EIGHTEENTH centuries and some of the photos, from the early TWENTIETH century, of the Image-dressed. In these representations, the robes of the Image are formed by a saya, reduced almost to the apron, and cloak for the Virgin and a robe for the Child that wraps around the bust of the mother and makes us postulate that both figures belong to a whole.<\/p>\n\n\n<div class=\"wp-block-image is-style-image-corners\">\n<figure class=\"aligncenter size-full\"><img loading=\"lazy\" decoding=\"async\" width=\"335\" height=\"400\" src=\"https:\/\/cofradiamatrizandujar.org\/wp-content\/uploads\/2022\/03\/Antigua_imagen_de_la_Virgen_de_la_Cabeza.jpeg\" alt=\"\" class=\"wp-image-102\" srcset=\"https:\/\/cofradiamatrizandujar.org\/wp-content\/uploads\/2022\/03\/Antigua_imagen_de_la_Virgen_de_la_Cabeza.jpeg 335w, https:\/\/cofradiamatrizandujar.org\/wp-content\/uploads\/2022\/03\/Antigua_imagen_de_la_Virgen_de_la_Cabeza-251x300.jpeg 251w\" sizes=\"auto, (max-width: 335px) 100vw, 335px\" \/><figcaption class=\"wp-element-caption\">Image Of the Virgen de la Cabeza<br><br>before its demise in 1939<\/figcaption><\/figure><\/div>\n\n\n<p>Features icons that can be seen upon his garments, and we show that the Image of Mary, as a figure who holds the Divine Infant in her left arm, which is hidden, while with the right offers him an apple as a fruit of salvation, thus becoming the New Eve. The Child is in his left hand a small ball representing the world, and would symbolize the idea of Jesus as the Lord of all the earth, while the right arm rests hidden in the shoulder of the mother.<\/p>\n\n\n\n<p>According to the testimony of Mr. Rafael Perez de Vargas and del Rio, conde de la Quinter\u00eda and Older Brother 1920-1922, who can contemplate the Image, without their clothing, the described in byzantine style, with the head in a clear disproportion with the body, with the thin neck and the lower limbs very short, while sitting on a throne, being your actual height of about 35 cm and was mounted on a frame of wood which some called cube.<\/p>\n\n\n\n<h3 class=\"wp-block-heading\">Current Image of the Virgin of the Head<\/h3>\n\n\n\n<p>The Image that do Jos\u00e9 Navas Parejo in 1944 after the disappearance of the old, is made of polychrome wood and braised in gold. The iconography represented, is the Mother and Lady sitting on a small seat without a back, holding the Divine Infant in her left arm, while with the right offers a small fruit reddish, interpreted by the people as a strawberry tree, given the abundance of this fruit in the sierra.<\/p>\n\n\n\n<p>The Image of Mary wears crimson robe girt with a small cingulum or efed of vertical lines, the taste Hebrew, blue mantle stew in gold, in allusion to the Incarnation and Immaculate Conception and touched white lets see the dark haired split in two falling over the shoulders. The Child wears a tunic as clear as redeemer of the human race and carries in his left hand a golden sphere which represents the world and symbolizes the idea of Jesus man and saviour, redeemer of the human race, while with his right hand he shows us his Mother.<\/p>\n\n\n\n<p>Stands out greatly in both figures, and that garment is the heart of his devotees brothers, the brown colour of his skin, that he has been given the affectionate name we all call it: &#034;La Morenita&#034;.<\/p>\n\n\n\n<figure class=\"wp-block-gallery has-nested-images columns-default is-cropped wp-block-gallery-1 is-layout-flex wp-block-gallery-is-layout-flex\">\n<figure class=\"wp-block-image size-large is-style-image-corners\"><a href=\"https:\/\/cofradiamatrizandujar.org\/en\/la-imagen\/imagen-virgen-de-la-cabeza-procesion\/\"><img loading=\"lazy\" decoding=\"async\" width=\"800\" height=\"1200\" data-id=\"743\" src=\"https:\/\/cofradiamatrizandujar.org\/wp-content\/uploads\/2022\/03\/imagen-virgen-de-la-cabeza-procesion.jpg\" alt=\"\" class=\"wp-image-743\" srcset=\"https:\/\/cofradiamatrizandujar.org\/wp-content\/uploads\/2022\/03\/imagen-virgen-de-la-cabeza-procesion.jpg 800w, https:\/\/cofradiamatrizandujar.org\/wp-content\/uploads\/2022\/03\/imagen-virgen-de-la-cabeza-procesion-200x300.jpg 200w, https:\/\/cofradiamatrizandujar.org\/wp-content\/uploads\/2022\/03\/imagen-virgen-de-la-cabeza-procesion-683x1024.jpg 683w, https:\/\/cofradiamatrizandujar.org\/wp-content\/uploads\/2022\/03\/imagen-virgen-de-la-cabeza-procesion-768x1152.jpg 768w, https:\/\/cofradiamatrizandujar.org\/wp-content\/uploads\/2022\/03\/imagen-virgen-de-la-cabeza-procesion-520x780.jpg 520w\" sizes=\"auto, (max-width: 800px) 100vw, 800px\" \/><\/a><\/figure>\n\n\n\n<figure class=\"wp-block-image size-large is-style-image-corners\"><a href=\"https:\/\/cofradiamatrizandujar.org\/en\/la-imagen\/iconografia\/img_4167-copia\/\"><img loading=\"lazy\" decoding=\"async\" width=\"683\" height=\"1024\" data-id=\"5558\" src=\"https:\/\/cofradiamatrizandujar.org\/wp-content\/uploads\/2024\/04\/IMG_4167-copia-683x1024.jpg\" alt=\"\" class=\"wp-image-5558\" srcset=\"https:\/\/cofradiamatrizandujar.org\/wp-content\/uploads\/2024\/04\/IMG_4167-copia-683x1024.jpg 683w, https:\/\/cofradiamatrizandujar.org\/wp-content\/uploads\/2024\/04\/IMG_4167-copia-200x300.jpg 200w, https:\/\/cofradiamatrizandujar.org\/wp-content\/uploads\/2024\/04\/IMG_4167-copia-768x1152.jpg 768w, https:\/\/cofradiamatrizandujar.org\/wp-content\/uploads\/2024\/04\/IMG_4167-copia-1024x1536.jpg 1024w, https:\/\/cofradiamatrizandujar.org\/wp-content\/uploads\/2024\/04\/IMG_4167-copia-1365x2048.jpg 1365w, https:\/\/cofradiamatrizandujar.org\/wp-content\/uploads\/2024\/04\/IMG_4167-copia-8x12.jpg 8w, https:\/\/cofradiamatrizandujar.org\/wp-content\/uploads\/2024\/04\/IMG_4167-copia-520x780.jpg 520w, https:\/\/cofradiamatrizandujar.org\/wp-content\/uploads\/2024\/04\/IMG_4167-copia-scaled.jpg 1707w\" sizes=\"auto, (max-width: 683px) 100vw, 683px\" \/><\/a><\/figure>\n\n\n\n<figure class=\"wp-block-image size-large is-style-image-corners\"><a href=\"https:\/\/cofradiamatrizandujar.org\/en\/la-imagen\/imagen-virgen-de-la-cabeza-aparicion\/\"><img loading=\"lazy\" decoding=\"async\" width=\"800\" height=\"1200\" data-id=\"741\" src=\"https:\/\/cofradiamatrizandujar.org\/wp-content\/uploads\/2022\/03\/imagen-virgen-de-la-cabeza-aparicion.jpg\" alt=\"\" class=\"wp-image-741\" srcset=\"https:\/\/cofradiamatrizandujar.org\/wp-content\/uploads\/2022\/03\/imagen-virgen-de-la-cabeza-aparicion.jpg 800w, https:\/\/cofradiamatrizandujar.org\/wp-content\/uploads\/2022\/03\/imagen-virgen-de-la-cabeza-aparicion-200x300.jpg 200w, https:\/\/cofradiamatrizandujar.org\/wp-content\/uploads\/2022\/03\/imagen-virgen-de-la-cabeza-aparicion-683x1024.jpg 683w, https:\/\/cofradiamatrizandujar.org\/wp-content\/uploads\/2022\/03\/imagen-virgen-de-la-cabeza-aparicion-768x1152.jpg 768w, https:\/\/cofradiamatrizandujar.org\/wp-content\/uploads\/2022\/03\/imagen-virgen-de-la-cabeza-aparicion-520x780.jpg 520w\" sizes=\"auto, (max-width: 800px) 100vw, 800px\" \/><\/a><\/figure>\n<\/figure>","protected":false},"excerpt":{"rendered":"<p>Primitiva Imagen de la Virgen de la Cabeza Sobre el origen de la primitiva Imagen no existen noticia cierta. Las distintas hip\u00f3tesis afirman que fue esculpida en madera, con anterioridad al siglo XI siendo posiblemente de estilo bizantino. Hay que tener en cuenta que en el oriente se esculp\u00edan v\u00edrgenes negras que tra\u00edan los peregrinos [&hellip;]<\/p>\n","protected":false},"author":1,"featured_media":1091,"parent":96,"menu_order":0,"comment_status":"closed","ping_status":"closed","template":"","meta":{"_genesis_hide_title":false,"_genesis_hide_breadcrumbs":false,"_genesis_hide_singular_image":false,"_genesis_hide_footer_widgets":false,"_genesis_custom_body_class":"","_genesis_custom_post_class":"","_genesis_layout":"","footnotes":""},"class_list":{"0":"post-563","1":"page","2":"type-page","3":"status-publish","4":"has-post-thumbnail","6":"entry"},"featured_image_src":"https:\/\/cofradiamatrizandujar.org\/wp-content\/uploads\/2022\/03\/iconografia2-600x400.jpg","featured_image_src_square":"https:\/\/cofradiamatrizandujar.org\/wp-content\/uploads\/2022\/03\/iconografia2-600x600.jpg","_links":{"self":[{"href":"https:\/\/cofradiamatrizandujar.org\/en\/wp-json\/wp\/v2\/pages\/563","targetHints":{"allow":["GET"]}}],"collection":[{"href":"https:\/\/cofradiamatrizandujar.org\/en\/wp-json\/wp\/v2\/pages"}],"about":[{"href":"https:\/\/cofradiamatrizandujar.org\/en\/wp-json\/wp\/v2\/types\/page"}],"author":[{"embeddable":true,"href":"https:\/\/cofradiamatrizandujar.org\/en\/wp-json\/wp\/v2\/users\/1"}],"replies":[{"embeddable":true,"href":"https:\/\/cofradiamatrizandujar.org\/en\/wp-json\/wp\/v2\/comments?post=563"}],"version-history":[{"count":5,"href":"https:\/\/cofradiamatrizandujar.org\/en\/wp-json\/wp\/v2\/pages\/563\/revisions"}],"predecessor-version":[{"id":5559,"href":"https:\/\/cofradiamatrizandujar.org\/en\/wp-json\/wp\/v2\/pages\/563\/revisions\/5559"}],"up":[{"embeddable":true,"href":"https:\/\/cofradiamatrizandujar.org\/en\/wp-json\/wp\/v2\/pages\/96"}],"wp:featuredmedia":[{"embeddable":true,"href":"https:\/\/cofradiamatrizandujar.org\/en\/wp-json\/wp\/v2\/media\/1091"}],"wp:attachment":[{"href":"https:\/\/cofradiamatrizandujar.org\/en\/wp-json\/wp\/v2\/media?parent=563"}],"curies":[{"name":"wp","href":"https:\/\/api.w.org\/{rel}","templated":true}]}}