{"id":602,"date":"2022-03-18T10:33:32","date_gmt":"2022-03-18T10:33:32","guid":{"rendered":"https:\/\/cofradiamatrizandujar.org\/?page_id=602"},"modified":"2022-04-19T10:36:58","modified_gmt":"2022-04-19T10:36:58","slug":"monumentos-en-el-cerro","status":"publish","type":"page","link":"https:\/\/cofradiamatrizandujar.org\/en\/santuario\/monumentos-en-el-cerro","title":{"rendered":"Monuments on the Hill"},"content":{"rendered":"<h3 class=\"wp-block-heading\"><strong>Arc of the Roads<\/strong><\/h3>\n\n\n\n<p>The new arch, was built by the architect Ricardo Jorge Silva, in 1988, coinciding with the Year of Holy Mariano, who is celebrated with the procession of the Blessed. Virgin to And\u00fajar. This new arc of grey granite, it gives access to roads leading to the Shrine, was built along the lines of the disappeared in 1936 that dated back to the late SIXTEENTH century and had been commanded to erect by the bishop of Sarmiento.<\/p>\n\n\n\n<div class=\"wp-block-image is-style-image-corners\"><figure class=\"aligncenter size-large\"><img loading=\"lazy\" decoding=\"async\" width=\"1024\" height=\"683\" src=\"https:\/\/cofradiamatrizandujar.org\/wp-content\/uploads\/2022\/03\/arco-del-santuario-1-1024x683.jpg\" alt=\"\" class=\"wp-image-1510\" srcset=\"https:\/\/cofradiamatrizandujar.org\/wp-content\/uploads\/2022\/03\/arco-del-santuario-1-1024x683.jpg 1024w, https:\/\/cofradiamatrizandujar.org\/wp-content\/uploads\/2022\/03\/arco-del-santuario-1-300x200.jpg 300w, https:\/\/cofradiamatrizandujar.org\/wp-content\/uploads\/2022\/03\/arco-del-santuario-1-768x512.jpg 768w, https:\/\/cofradiamatrizandujar.org\/wp-content\/uploads\/2022\/03\/arco-del-santuario-1-600x400.jpg 600w, https:\/\/cofradiamatrizandujar.org\/wp-content\/uploads\/2022\/03\/arco-del-santuario-1.jpg 1200w\" sizes=\"auto, (max-width: 1024px) 100vw, 1024px\" \/><figcaption>Arch of the Causeway \u2013 Shrine of Andujar<\/figcaption><\/figure><\/div>\n\n\n\n<h3 class=\"wp-block-heading\"><strong>Monumental Rosary<\/strong><\/h3>\n\n\n\n<p>The primitive was introduced traversing the sidewalks of the Sanctuary in 1927, at the initiative of Antonio Alcal\u00e1 Wenceslada, on the occasion of the celebration of the seventh centenary of the apparition of the Blessed. Virgin. In the different stages of stone appeared bas-relief in bronze by the sculptor granadino Jos\u00e9 Luis Vasallo Parodi, along with verses from other poems. After the civil war, the monumental rosary was rebuilt in 1964, preserving only the last bronze. The new rosary, appears on a structure of granite grey and pink with a bas-relief in bronze, Antonio Gonz\u00e1lez Orea, next to which are the sonnets that have been made, also in bronze by the sculptor Manuel Lopez.<\/p>\n\n\n\n<figure class=\"wp-block-gallery has-nested-images columns-default is-cropped wp-block-gallery-1 is-layout-flex wp-block-gallery-is-layout-flex\">\n<figure class=\"wp-block-image size-large is-style-default\"><img loading=\"lazy\" decoding=\"async\" width=\"682\" height=\"1024\" data-id=\"1934\" src=\"https:\/\/cofradiamatrizandujar.org\/wp-content\/uploads\/2022\/04\/rosario-monumental-calzada-1-682x1024.jpg\" alt=\"\" class=\"wp-image-1934\" srcset=\"https:\/\/cofradiamatrizandujar.org\/wp-content\/uploads\/2022\/04\/rosario-monumental-calzada-1-682x1024.jpg 682w, https:\/\/cofradiamatrizandujar.org\/wp-content\/uploads\/2022\/04\/rosario-monumental-calzada-1-200x300.jpg 200w, https:\/\/cofradiamatrizandujar.org\/wp-content\/uploads\/2022\/04\/rosario-monumental-calzada-1-768x1153.jpg 768w, https:\/\/cofradiamatrizandujar.org\/wp-content\/uploads\/2022\/04\/rosario-monumental-calzada-1-520x780.jpg 520w, https:\/\/cofradiamatrizandujar.org\/wp-content\/uploads\/2022\/04\/rosario-monumental-calzada-1.jpg 800w\" sizes=\"auto, (max-width: 682px) 100vw, 682px\" \/><\/figure>\n\n\n\n<figure class=\"wp-block-image size-large is-style-default\"><img loading=\"lazy\" decoding=\"async\" width=\"683\" height=\"1024\" data-id=\"1935\" src=\"https:\/\/cofradiamatrizandujar.org\/wp-content\/uploads\/2022\/04\/rosario-monumental-calzada-2-683x1024.jpg\" alt=\"\" class=\"wp-image-1935\" srcset=\"https:\/\/cofradiamatrizandujar.org\/wp-content\/uploads\/2022\/04\/rosario-monumental-calzada-2-683x1024.jpg 683w, https:\/\/cofradiamatrizandujar.org\/wp-content\/uploads\/2022\/04\/rosario-monumental-calzada-2-200x300.jpg 200w, https:\/\/cofradiamatrizandujar.org\/wp-content\/uploads\/2022\/04\/rosario-monumental-calzada-2-768x1152.jpg 768w, https:\/\/cofradiamatrizandujar.org\/wp-content\/uploads\/2022\/04\/rosario-monumental-calzada-2-520x780.jpg 520w, https:\/\/cofradiamatrizandujar.org\/wp-content\/uploads\/2022\/04\/rosario-monumental-calzada-2.jpg 800w\" sizes=\"auto, (max-width: 683px) 100vw, 683px\" \/><\/figure>\n<figcaption class=\"blocks-gallery-caption\">Monumental Rosary<\/figcaption><\/figure>\n\n\n\n<h3 class=\"wp-block-heading\"><strong>Cross forging<\/strong><\/h3>\n\n\n\n<p>It is a great cross of forge, which is located in the northern part of the Sanctuary, and that is the last of the crosses that form the Via Crucis is situated on the road that goes from the roads till the great torch where you placed the candles in the great celebrations and the region where it is located in the crypt of the captain Cuts.<\/p>\n\n\n\n<div class=\"wp-block-image is-style-image-corners\"><figure class=\"aligncenter size-large\"><img loading=\"lazy\" decoding=\"async\" width=\"683\" height=\"1024\" src=\"https:\/\/cofradiamatrizandujar.org\/wp-content\/uploads\/2022\/03\/cruz-de-forja-santuario-683x1024.jpg\" alt=\"\" class=\"wp-image-816\" srcset=\"https:\/\/cofradiamatrizandujar.org\/wp-content\/uploads\/2022\/03\/cruz-de-forja-santuario-683x1024.jpg 683w, https:\/\/cofradiamatrizandujar.org\/wp-content\/uploads\/2022\/03\/cruz-de-forja-santuario-200x300.jpg 200w, https:\/\/cofradiamatrizandujar.org\/wp-content\/uploads\/2022\/03\/cruz-de-forja-santuario-768x1152.jpg 768w, https:\/\/cofradiamatrizandujar.org\/wp-content\/uploads\/2022\/03\/cruz-de-forja-santuario-520x780.jpg 520w, https:\/\/cofradiamatrizandujar.org\/wp-content\/uploads\/2022\/03\/cruz-de-forja-santuario.jpg 800w\" sizes=\"auto, (max-width: 683px) 100vw, 683px\" \/><figcaption>Cross Forging<\/figcaption><\/figure><\/div>\n\n\n\n<h3 class=\"wp-block-heading\"><strong>Monument to Cervantes<\/strong><\/h3>\n\n\n\n<p>The Provincial Council of Ja\u00e9n and the City of And\u00fajar was sent to perform the sculptor Jacinto Higueras the year 1954 the monument upon consideration of the illustrious novelist first chronicler of the Pilgrimage, leaving this work to the right of the auction of the Sanctuary.<\/p>\n\n\n\n<div class=\"wp-block-image is-style-image-corners\"><figure class=\"aligncenter size-large\"><img loading=\"lazy\" decoding=\"async\" width=\"576\" height=\"1024\" src=\"https:\/\/cofradiamatrizandujar.org\/wp-content\/uploads\/2022\/04\/monumento-cerro-1-576x1024.jpeg\" alt=\"\" class=\"wp-image-2243\" srcset=\"https:\/\/cofradiamatrizandujar.org\/wp-content\/uploads\/2022\/04\/monumento-cerro-1-576x1024.jpeg 576w, https:\/\/cofradiamatrizandujar.org\/wp-content\/uploads\/2022\/04\/monumento-cerro-1-169x300.jpeg 169w, https:\/\/cofradiamatrizandujar.org\/wp-content\/uploads\/2022\/04\/monumento-cerro-1-768x1366.jpeg 768w, https:\/\/cofradiamatrizandujar.org\/wp-content\/uploads\/2022\/04\/monumento-cerro-1-864x1536.jpeg 864w, https:\/\/cofradiamatrizandujar.org\/wp-content\/uploads\/2022\/04\/monumento-cerro-1-1152x2048.jpeg 1152w, https:\/\/cofradiamatrizandujar.org\/wp-content\/uploads\/2022\/04\/monumento-cerro-1-scaled.jpeg 1440w\" sizes=\"auto, (max-width: 576px) 100vw, 576px\" \/><figcaption>Monument To Cervantes<\/figcaption><\/figure><\/div>\n\n\n\n<h3 class=\"wp-block-heading\"><strong>Monument to the pastor of Colomera<\/strong><\/h3>\n\n\n\n<p>This monument to the pastor Juan Alonso Rivas, was sculpted in bronze by the artist andujare\u00f1o D. Antonio Gonz\u00e1lez Orea in the year 1974 and is located at the beginning of the stairs leading to the crypt funeral home, room and promises which sets out the votive offerings of the faithful.<\/p>\n\n\n\n<div class=\"wp-block-image is-style-image-corners\"><figure class=\"aligncenter size-large\"><img loading=\"lazy\" decoding=\"async\" width=\"1024\" height=\"613\" src=\"https:\/\/cofradiamatrizandujar.org\/wp-content\/uploads\/2022\/03\/monumento-al-pastor-santuario-1024x613.jpg\" alt=\"\" class=\"wp-image-795\" srcset=\"https:\/\/cofradiamatrizandujar.org\/wp-content\/uploads\/2022\/03\/monumento-al-pastor-santuario-1024x613.jpg 1024w, https:\/\/cofradiamatrizandujar.org\/wp-content\/uploads\/2022\/03\/monumento-al-pastor-santuario-300x180.jpg 300w, https:\/\/cofradiamatrizandujar.org\/wp-content\/uploads\/2022\/03\/monumento-al-pastor-santuario-768x460.jpg 768w, https:\/\/cofradiamatrizandujar.org\/wp-content\/uploads\/2022\/03\/monumento-al-pastor-santuario.jpg 1200w\" sizes=\"auto, (max-width: 1024px) 100vw, 1024px\" \/><figcaption>Monument to the Pastor of Colomera<\/figcaption><\/figure><\/div>\n\n\n\n<h3 class=\"wp-block-heading\"><strong>Lady of Peace<\/strong><\/h3>\n\n\n\n<p>In the last curve of the road that leads to the Sanctuary, is the Lady of Peace, the work of the sculptor Antonio Gonz\u00e1lez Orea and that it was made in 1964 and maybe the sculpture more high raised to the Virgin. Made of stone Colmenar de Oreja (Madrid), the virgin holds in her hands the laureate of San Fernando which was granted to those who were besieged in the Sanctuary in the Civil War. In its middle part, lower, in bronze, an angel holding a fallen.<\/p>\n\n\n\n<figure class=\"wp-block-video aligncenter\"><video controls src=\"https:\/\/cofradiamatrizandujar.org\/wp-content\/uploads\/2022\/03\/dron-santuario-720.mov\"><\/video><\/figure>","protected":false},"excerpt":{"rendered":"<p>Arco de las Calzadas El nuevo arco, fue edificado por el arquitecto Ricardo Jorge Silva, en 1988, coincidiendo con el A\u00f1o Santo Mariano que se festej\u00f3 con la bajada de la Stma. Virgen a And\u00fajar. Este nuevo arco de granito gris, da acceso a las calzadas que conducen al Santuario, se construy\u00f3 siguiendo las l\u00edneas [&hellip;]<\/p>\n","protected":false},"author":1,"featured_media":2425,"parent":589,"menu_order":0,"comment_status":"closed","ping_status":"closed","template":"","meta":{"_genesis_hide_title":false,"_genesis_hide_breadcrumbs":false,"_genesis_hide_singular_image":false,"_genesis_hide_footer_widgets":false,"_genesis_custom_body_class":"","_genesis_custom_post_class":"","_genesis_layout":"","footnotes":""},"class_list":{"0":"post-602","1":"page","2":"type-page","3":"status-publish","4":"has-post-thumbnail","6":"entry"},"featured_image_src":"https:\/\/cofradiamatrizandujar.org\/wp-content\/uploads\/2022\/04\/monumento-al-pastor-santuario-horizontal-600x400.jpg","featured_image_src_square":"https:\/\/cofradiamatrizandujar.org\/wp-content\/uploads\/2022\/04\/monumento-al-pastor-santuario-horizontal-600x600.jpg","_links":{"self":[{"href":"https:\/\/cofradiamatrizandujar.org\/en\/wp-json\/wp\/v2\/pages\/602","targetHints":{"allow":["GET"]}}],"collection":[{"href":"https:\/\/cofradiamatrizandujar.org\/en\/wp-json\/wp\/v2\/pages"}],"about":[{"href":"https:\/\/cofradiamatrizandujar.org\/en\/wp-json\/wp\/v2\/types\/page"}],"author":[{"embeddable":true,"href":"https:\/\/cofradiamatrizandujar.org\/en\/wp-json\/wp\/v2\/users\/1"}],"replies":[{"embeddable":true,"href":"https:\/\/cofradiamatrizandujar.org\/en\/wp-json\/wp\/v2\/comments?post=602"}],"version-history":[{"count":9,"href":"https:\/\/cofradiamatrizandujar.org\/en\/wp-json\/wp\/v2\/pages\/602\/revisions"}],"predecessor-version":[{"id":2244,"href":"https:\/\/cofradiamatrizandujar.org\/en\/wp-json\/wp\/v2\/pages\/602\/revisions\/2244"}],"up":[{"embeddable":true,"href":"https:\/\/cofradiamatrizandujar.org\/en\/wp-json\/wp\/v2\/pages\/589"}],"wp:featuredmedia":[{"embeddable":true,"href":"https:\/\/cofradiamatrizandujar.org\/en\/wp-json\/wp\/v2\/media\/2425"}],"wp:attachment":[{"href":"https:\/\/cofradiamatrizandujar.org\/en\/wp-json\/wp\/v2\/media?parent=602"}],"curies":[{"name":"wp","href":"https:\/\/api.w.org\/{rel}","templated":true}]}}