{"id":612,"date":"2022-03-18T10:37:34","date_gmt":"2022-03-18T10:37:34","guid":{"rendered":"https:\/\/cofradiamatrizandujar.org\/?page_id=612"},"modified":"2022-08-22T18:35:31","modified_gmt":"2022-08-22T18:35:31","slug":"ermita","status":"publish","type":"page","link":"https:\/\/cofradiamatrizandujar.org\/en\/andujar\/ermita","title":{"rendered":"Hermitage"},"content":{"rendered":"<h3 class=\"wp-block-heading\">The old Chapel<\/h3>\n\n\n\n<p>Already in the SEVENTEENTH century, known by the historian D. Antonio Clods of the existence of a chapel which says it was founded in the name of Ntra. Mrs of the Head and that was ruled and governed by the Brotherhood, Brotherhood and Gentlemen Deputies of Ntra. Lady of the Head, where they also made their councils and boards. This chapel was attached to the hospital of the Brotherhood possessed in the street Earthenware and she was celebrating her feast on the first Sunday of may, after the one celebrated in the sierra.<\/p>\n\n\n\n<p>The simple hermitage is associated with local master stone and had a facade simple constituted by a vain access with arch and jambs slightly shaded, and highlighting in its upper part a niche of great size, also semicircular arch, framed by pilasters and entablature with accents and decorative elements that appear to be heads of cherubs and floral motifs. Inside, a few images that reflect the scene the Appearance, with the pastor to the left and the Virgin, on a small hillock, to the right. It seems that this group of sculpture changed to a canvas with the same reason.<\/p>\n\n\n\n<figure class=\"wp-block-image size-large\"><img loading=\"lazy\" decoding=\"async\" width=\"1024\" height=\"979\" src=\"https:\/\/cofradiamatrizandujar.org\/wp-content\/uploads\/2022\/08\/antigua-ermita-virgen-cabeza-andujar-1-1024x979.jpg\" alt=\"\" class=\"wp-image-3541\" srcset=\"https:\/\/cofradiamatrizandujar.org\/wp-content\/uploads\/2022\/08\/antigua-ermita-virgen-cabeza-andujar-1-1024x979.jpg 1024w, https:\/\/cofradiamatrizandujar.org\/wp-content\/uploads\/2022\/08\/antigua-ermita-virgen-cabeza-andujar-1-300x287.jpg 300w, https:\/\/cofradiamatrizandujar.org\/wp-content\/uploads\/2022\/08\/antigua-ermita-virgen-cabeza-andujar-1-768x734.jpg 768w, https:\/\/cofradiamatrizandujar.org\/wp-content\/uploads\/2022\/08\/antigua-ermita-virgen-cabeza-andujar-1.jpg 1439w\" sizes=\"auto, (max-width: 1024px) 100vw, 1024px\" \/><\/figure>\n\n\n\n<h3 class=\"wp-block-heading\">The current Chapel<\/h3>\n\n\n\n<p>It is a neo-Gothic temple in brick, began to be constructed by D. Jos\u00e9 Corbella Penis in the year 1918, on the site of an old chapel, and to which he added a few meters to the Sacristy assigned by Mr. Rafael Perez de Vargas, Conde de la Quinter\u00eda. The cost of its construction were financed by Ms. Agustina P\u00e9rez de Vargas y P\u00e9rez de Vargas, Countess of Real Grace and the Marquise of Santa Rita, completing the works in the year 1921. The blessing of the new temple took place in the month of August of the same year, being presided over the event by the Bishop of Ja\u00e9n D. Manuel Basulto Jim\u00e9nez. The altarpiece of gothic style, was commissioned by the priest D. Antonio Medina Saenz, first Chaplain of the new Hermitage, being its author Casa Enrique Valencia.<\/p>\n\n\n\n<p>The facade is divided into two floors by a cornice of webbing. The flats are organised in four sections by means of four pilasters decorated with brackets overlapping. In the first body is the door, his vain with a pointed arch arquivoltado, highlighted by the tympanum decorated with a high relief by the sculptor andujare\u00f1o Agust\u00edn Garc\u00eda the Valley, which represents the appearance of the Virgin to the pastor. In the second and fourth corps opens a large window of warhead that welcomes three pointed arches, and the third body, the more narrow, it is decorated with two blind arches pointed that cover a large part of the wall.<\/p>\n\n\n\n<p>The interior is a single nave, divided into three sections, covered with vaults of warhead, being the second star. The nerves of the nose cone are collected in the media attached to the wall. In the first section situates the high choir, in line with the cover, the second section is the most comprehensive and the third amplitude similar to that of the choir and high with respect to the other where the altar stood. The entire wall appears plastered with a beautiful plinth tiles typical of And\u00fajar.<\/p>\n\n\n\n<figure class=\"wp-block-image size-full is-resized\"><img loading=\"lazy\" decoding=\"async\" src=\"https:\/\/cofradiamatrizandujar.org\/wp-content\/uploads\/2022\/08\/ermita-nueva.jpg\" alt=\"\" class=\"wp-image-3543\" width=\"418\" height=\"306\"\/><\/figure>","protected":false},"excerpt":{"rendered":"<p>La antigua Ermita Ya en el siglo XVII, se tiene constancia por el historiador D. Antonio Terrones de la existencia de una ermita que se dice fue fundada en nombre de Ntra. Sra. de la Cabeza y que era gobernada y regida por la Cofrad\u00eda, Cofrades y Caballeros Diputados de Ntra. Sra. de al Cabeza, [&hellip;]<\/p>\n","protected":false},"author":1,"featured_media":880,"parent":604,"menu_order":0,"comment_status":"closed","ping_status":"closed","template":"","meta":{"_genesis_hide_title":false,"_genesis_hide_breadcrumbs":false,"_genesis_hide_singular_image":false,"_genesis_hide_footer_widgets":false,"_genesis_custom_body_class":"","_genesis_custom_post_class":"","_genesis_layout":"","footnotes":""},"class_list":{"0":"post-612","1":"page","2":"type-page","3":"status-publish","4":"has-post-thumbnail","6":"entry"},"featured_image_src":"https:\/\/cofradiamatrizandujar.org\/wp-content\/uploads\/2022\/03\/ermita-andujar-600x400.jpg","featured_image_src_square":"https:\/\/cofradiamatrizandujar.org\/wp-content\/uploads\/2022\/03\/ermita-andujar-600x600.jpg","_links":{"self":[{"href":"https:\/\/cofradiamatrizandujar.org\/en\/wp-json\/wp\/v2\/pages\/612","targetHints":{"allow":["GET"]}}],"collection":[{"href":"https:\/\/cofradiamatrizandujar.org\/en\/wp-json\/wp\/v2\/pages"}],"about":[{"href":"https:\/\/cofradiamatrizandujar.org\/en\/wp-json\/wp\/v2\/types\/page"}],"author":[{"embeddable":true,"href":"https:\/\/cofradiamatrizandujar.org\/en\/wp-json\/wp\/v2\/users\/1"}],"replies":[{"embeddable":true,"href":"https:\/\/cofradiamatrizandujar.org\/en\/wp-json\/wp\/v2\/comments?post=612"}],"version-history":[{"count":6,"href":"https:\/\/cofradiamatrizandujar.org\/en\/wp-json\/wp\/v2\/pages\/612\/revisions"}],"predecessor-version":[{"id":3544,"href":"https:\/\/cofradiamatrizandujar.org\/en\/wp-json\/wp\/v2\/pages\/612\/revisions\/3544"}],"up":[{"embeddable":true,"href":"https:\/\/cofradiamatrizandujar.org\/en\/wp-json\/wp\/v2\/pages\/604"}],"wp:featuredmedia":[{"embeddable":true,"href":"https:\/\/cofradiamatrizandujar.org\/en\/wp-json\/wp\/v2\/media\/880"}],"wp:attachment":[{"href":"https:\/\/cofradiamatrizandujar.org\/en\/wp-json\/wp\/v2\/media?parent=612"}],"curies":[{"name":"wp","href":"https:\/\/api.w.org\/{rel}","templated":true}]}}