{"id":780,"date":"2022-03-21T09:40:03","date_gmt":"2022-03-21T09:40:03","guid":{"rendered":"https:\/\/cofradiamatrizandujar.org\/?page_id=780"},"modified":"2022-08-23T15:21:00","modified_gmt":"2022-08-23T15:21:00","slug":"historia","status":"publish","type":"page","link":"https:\/\/cofradiamatrizandujar.org\/en\/la-imagen\/historia","title":{"rendered":"History"},"content":{"rendered":"<p>How was the original image that, according to legend, is the pastor. To this question have tried to answer the historians; even without delving enough to leave a clear and comprehensive description of it. Even no-one raises the possibility that over the centuries could have been changed, as was also the custom in the church, to break down a lot by the smoke of the candles that the devotees will put. The alleged primitive image disappeared during the aforementioned war, being replaced in 1944 by another sculptor of \u00c1lora (M\u00e1laga), Jos\u00e9 Navas Parejo, representing the seated Virgin, carved in wood, which in its left arm has the Child Jesus; in whose left hand holds a ball in the world, while she holds in her other hand a strawberry tree. The entire image is painted. It was restored in the years 1993 and 2017 by Jos\u00e9 Luis Ojeda Vessel, restorer of works of art.<\/p>\n\n\n\n<p>The description of the possible primitive image is not made until the SEVENTEENTH century, but as it was covered by the sheets, no one tells us to have looked beyond which could be seen with the naked eye, conditioned by the mystery and secrecy that the same printing. Even though the authors of the six hundred would have had access to what is forbidden, it is unlikely they could have left that and more if it wasn&#039;t a full cut. The town was not ready to admit another idea that is not outside what is popularly said about it. The iconography of the SEVENTEENTH and EIGHTEENTH centuries has led to the idea of the picture, dressed, which took root in all the devotees.<\/p>\n\n\n\n<p>In the TWENTIETH century, being the brother of the brotherhood array, Rafael P\u00e9rez de Vargas, conde de la Quinter\u00eda, years 1921 to 1923, it became a description, perhaps, the most reliable, in which is said that it was an image of byzantine style, head thick and disproportionate to the body, slim neck and lower limbs very short, while sitting on his throne; his height estimated at about thirty-five centimeters, and to supplement your smallness and give greater slenderness was sitting in a suit of armor made of strips cross shaped pan.<\/p>\n\n\n\n<figure class=\"wp-block-gallery has-nested-images columns-default is-cropped wp-block-gallery-1 is-layout-flex wp-block-gallery-is-layout-flex\">\n<figure class=\"wp-block-image size-large\"><a href=\"https:\/\/cofradiamatrizandujar.org\/en\/la-imagen\/imagen-virgen-de-la-cabeza-aparicion\/\"><img loading=\"lazy\" decoding=\"async\" width=\"683\" height=\"1024\" data-id=\"741\" src=\"https:\/\/cofradiamatrizandujar.org\/wp-content\/uploads\/2022\/03\/imagen-virgen-de-la-cabeza-aparicion-683x1024.jpg\" alt=\"\" class=\"wp-image-741\" srcset=\"https:\/\/cofradiamatrizandujar.org\/wp-content\/uploads\/2022\/03\/imagen-virgen-de-la-cabeza-aparicion-683x1024.jpg 683w, https:\/\/cofradiamatrizandujar.org\/wp-content\/uploads\/2022\/03\/imagen-virgen-de-la-cabeza-aparicion-200x300.jpg 200w, https:\/\/cofradiamatrizandujar.org\/wp-content\/uploads\/2022\/03\/imagen-virgen-de-la-cabeza-aparicion-768x1152.jpg 768w, https:\/\/cofradiamatrizandujar.org\/wp-content\/uploads\/2022\/03\/imagen-virgen-de-la-cabeza-aparicion-520x780.jpg 520w, https:\/\/cofradiamatrizandujar.org\/wp-content\/uploads\/2022\/03\/imagen-virgen-de-la-cabeza-aparicion.jpg 800w\" sizes=\"auto, (max-width: 683px) 100vw, 683px\" \/><\/a><\/figure>\n\n\n\n<figure class=\"wp-block-image size-large\"><a href=\"https:\/\/cofradiamatrizandujar.org\/en\/la-imagen\/imagen-virgen-de-la-cabeza-primer-plano\/\"><img loading=\"lazy\" decoding=\"async\" width=\"683\" height=\"1024\" data-id=\"742\" src=\"https:\/\/cofradiamatrizandujar.org\/wp-content\/uploads\/2022\/03\/imagen-virgen-de-la-cabeza-primer-plano-683x1024.jpg\" alt=\"\" class=\"wp-image-742\" srcset=\"https:\/\/cofradiamatrizandujar.org\/wp-content\/uploads\/2022\/03\/imagen-virgen-de-la-cabeza-primer-plano-683x1024.jpg 683w, https:\/\/cofradiamatrizandujar.org\/wp-content\/uploads\/2022\/03\/imagen-virgen-de-la-cabeza-primer-plano-200x300.jpg 200w, https:\/\/cofradiamatrizandujar.org\/wp-content\/uploads\/2022\/03\/imagen-virgen-de-la-cabeza-primer-plano-768x1152.jpg 768w, https:\/\/cofradiamatrizandujar.org\/wp-content\/uploads\/2022\/03\/imagen-virgen-de-la-cabeza-primer-plano-520x780.jpg 520w, https:\/\/cofradiamatrizandujar.org\/wp-content\/uploads\/2022\/03\/imagen-virgen-de-la-cabeza-primer-plano.jpg 800w\" sizes=\"auto, (max-width: 683px) 100vw, 683px\" \/><\/a><\/figure>\n\n\n\n<figure class=\"wp-block-image size-large\"><a href=\"https:\/\/cofradiamatrizandujar.org\/en\/la-imagen\/imagen-virgen-de-la-cabeza-procesion\/\"><img loading=\"lazy\" decoding=\"async\" width=\"683\" height=\"1024\" data-id=\"743\" src=\"https:\/\/cofradiamatrizandujar.org\/wp-content\/uploads\/2022\/03\/imagen-virgen-de-la-cabeza-procesion-683x1024.jpg\" alt=\"\" class=\"wp-image-743\" srcset=\"https:\/\/cofradiamatrizandujar.org\/wp-content\/uploads\/2022\/03\/imagen-virgen-de-la-cabeza-procesion-683x1024.jpg 683w, https:\/\/cofradiamatrizandujar.org\/wp-content\/uploads\/2022\/03\/imagen-virgen-de-la-cabeza-procesion-200x300.jpg 200w, https:\/\/cofradiamatrizandujar.org\/wp-content\/uploads\/2022\/03\/imagen-virgen-de-la-cabeza-procesion-768x1152.jpg 768w, https:\/\/cofradiamatrizandujar.org\/wp-content\/uploads\/2022\/03\/imagen-virgen-de-la-cabeza-procesion-520x780.jpg 520w, https:\/\/cofradiamatrizandujar.org\/wp-content\/uploads\/2022\/03\/imagen-virgen-de-la-cabeza-procesion.jpg 800w\" sizes=\"auto, (max-width: 683px) 100vw, 683px\" \/><\/a><\/figure>\n<\/figure>\n\n\n\n<hr class=\"wp-block-separator has-alpha-channel-opacity\"\/>\n\n\n\n<p>Another hotly debated topic, in the iconography of the Virgin of the Head, it is about the object held in the right hand. To some it seems a strawberry, fruit, typical of the Sierra Morena, and other an apple. Really this last fruit that I had in the beginning. In 1984, the Pe\u00f1a \u201cEl Madro\u00f1o\u201d And\u00fajar presented, to the image that is worshipped in the shrine, with a strawberry tree, silver and jewels, made in the local workshop of silversmith, Matthias Chamorro. The act of imposition of the Virgin was in charge of Maruja Bellido, big sister consort of 1985.<\/p>\n\n\n\n<p>When he starts to worship?. For historians Salcedo Olid, Clumps of Oak and P\u00e9rez Guzm\u00e1n, the cult starts from the first moment that the pastor is the image, not providing any date, to say that the festival also begins in the THIRTEENTH century; however, none of this can be confirmed with scientific rigor.<\/p>\n\n\n\n<p>Also, you will try to find the antiquity, the origin of the worship, in the Middle Ages, using the Cantigas of Alfonso X The Wise and the Book of the Hunt of king Alfonso XI of the Salty (1314-1350), in both works do not appear references to Ntra. Lady of the Head.<\/p>\n\n\n\n<p>With the above pointed out we don&#039;t want to deny the existence of devotion to the Virgin in the THIRTEENTH century; since we do not have documentation about it. What should have happened is that it was a minor cult or only at the local level, which had not transcended even the universality that is achieved after in the SIXTEENTH century, in which historians such as Ambrosio de Morales (1513-1591) and Argote de Molina (1548 - 1590), the quote clearly, the same thing that writers such as Miguel de Cervantes and Lope de Vega, and make mention in their works.<\/p>\n\n\n\n<p><strong>Disappearance of the image<\/strong><br>In August 1936, they arrived at the Sanctuary a group of civil guards and fellow countrymen, women and children, who had come out of Ja\u00e9n fleeing the war. Some occupied the rooms of the monastery, and others to the houses of the guilds and save. Also, some of them stayed at a New Place, in a total of some two hundred thousand people.<\/p>\n\n\n\n<p>The command of this contingent assumed the captain of the Civil Guard, Santiago Cort\u00e9s Gonz\u00e1lez. The republican troops asked for surrender of the sanctuary, to which Cort\u00e9s refused and began a siege which lasted until may 1, 1937, after long hardships of the besieged. One of the consequences of this struggle was the disappearance of the image of the Virgin mary, which according to the defenders of the place it was hidden by the aforementioned captain, who dies in the battle. However, in the ABC newspaper published in Madrid on the 7th of October, 1939, appeared a news story, illustrated with a photo, which announced the appearance of the image of the Virgin of the Head in Valencia, specifically in the house of a driver. We have to take into account that part of the survivors of the siege of the shrine had been led to this last city. Nothing was heard since of the Virgin, all of them have been hypotheses and conjectures about the disappearance. Long ago we knew a box on the concealment of the image in the environment of the sanctuary, painted by a survivor who participated in it. In 2008 we carried out an archaeological excavation on the site that indicated such a person, without having found the image. In reality, the mystery remains unsolved.<\/p>\n\n\n\n<p><\/p>\n\n\n\n<h3 class=\"wp-block-heading\"><strong>THE SHEPHERD<\/strong><\/h3>\n\n\n\n<p>Without any doubt, an important figure in this story is the pastor, through which the Virgin is manifested to the town of And\u00fajar. Legend has it that among the christians that fed sheep in those mountains of the Sierra Morena, he had a pastor&#039;s natural Colomera, by then in the possession of the arabs, the son of captive christians of that villa, which had also lived in Arjona (Ja\u00e9n) doing the same job and having achieved freedom, was in And\u00fajar occupied in the pasture.<\/p>\n\n\n\n<p>As we saw the pastor had a physical disability, the who is healed miraculously. No historian of the writers from the SEVENTEENTH century to the TWENTIETH, nothing bring new about it.<\/p>\n\n\n\n<p>As for the name, in the SIXTEENTH and SEVENTEENTH centuries, no one says how it was called. We&#039;ll have to wait to the next century to meet him. Will P\u00e9rez Guzm\u00e1n in his book who will call Juan Alonso de Ribas. As a priest you was, according to the christian tradition, I put John to the pastor. Again we are faced with<br>a hypothesis; since the aforementioned author does not cite the sources on which it is based. For some or other Alonso is a proper name or surname. In the Hoya del Salobral, a hamlet of Noalejo (Ja\u00e9n), there is an inscription in the chapel of the Virgin of the Head, in which, according to legend, there he rested and slept Juan Alonso Rivas Rodriguez on his way to the hill of The Head of the Sierra Morena. As we can see, it ignores the classical tradition of the writers listed above. In reality, this is all based on the false cronicones of the SEVENTEENTH century.<\/p>\n\n\n\n<p>The pastor could be one of repopulating the area of the r\u00edo J\u00e1ndula, next to the hill of The Head, from the town Lions Ribas, since in those times of the Middle Ages, the surname indicated the town of origin of the person. In addition, existed in the FIFTEENTH century outside the walls of And\u00fajar a chapel under the invocation of the \u201cSan Bartolom\u00e9 de Ribas and San Ildefonso\u201d. It is a place in a family linked to the group of settlers from Ribas which had been established in the city andujare\u00f1a in the early years of the christian presence, it had an inscription that read: \u201cThis (hermitage) did Pedro Juan de Ribas, vaquerizo,\u201d which we discover other member of the family dedicated to the grazing cattle.<\/p>\n\n\n\n<p>If the pastor would have been Colomera would have been called John of Colomera, according to the tradition of the time, as I have before pointed out. Even a priest of that town said that in his church, he was buried in a chapel of Our lady. Lady of the Head, when that town was in the possession of the arabs until 1486, the year in which it remained uninhabited, having been the parish church much later. The above does not deny that the pastor out of Colomera, what should happen is that the one who puts the family name, Rivas, does not take into account the above.<\/p>\n\n\n\n<p>To Colomera the figure of the shepherd has a great importance, so much so that the city council appointed him to his Beloved Son and Honorary mayor in 1997. In addition, there is a monument in bronze, the work of Manuel L\u00f3pez P\u00e9rez.<\/p>","protected":false},"excerpt":{"rendered":"<p>C\u00f3mo era la primitiva imagen que seg\u00fan la leyenda encuentra el pastor. A esta pregunta han tratado de contestar los historiadores; aunque sin profundizar suficiente para dejarnos una descripci\u00f3n clara y completa de ella. Incluso nadie plantea la posibilidad de que a lo largo de los siglos pudiera haber sido cambiada, como tambi\u00e9n era costumbre [&hellip;]<\/p>\n","protected":false},"author":1,"featured_media":1933,"parent":96,"menu_order":0,"comment_status":"closed","ping_status":"closed","template":"","meta":{"_genesis_hide_title":false,"_genesis_hide_breadcrumbs":false,"_genesis_hide_singular_image":false,"_genesis_hide_footer_widgets":false,"_genesis_custom_body_class":"","_genesis_custom_post_class":"","_genesis_layout":"","footnotes":""},"class_list":{"0":"post-780","1":"page","2":"type-page","3":"status-publish","4":"has-post-thumbnail","6":"entry"},"featured_image_src":"https:\/\/cofradiamatrizandujar.org\/wp-content\/uploads\/2022\/04\/historia-de-la-imagen-de-la-virgen-de-la-cabeza-600x400.jpg","featured_image_src_square":"https:\/\/cofradiamatrizandujar.org\/wp-content\/uploads\/2022\/04\/historia-de-la-imagen-de-la-virgen-de-la-cabeza-600x600.jpg","_links":{"self":[{"href":"https:\/\/cofradiamatrizandujar.org\/en\/wp-json\/wp\/v2\/pages\/780","targetHints":{"allow":["GET"]}}],"collection":[{"href":"https:\/\/cofradiamatrizandujar.org\/en\/wp-json\/wp\/v2\/pages"}],"about":[{"href":"https:\/\/cofradiamatrizandujar.org\/en\/wp-json\/wp\/v2\/types\/page"}],"author":[{"embeddable":true,"href":"https:\/\/cofradiamatrizandujar.org\/en\/wp-json\/wp\/v2\/users\/1"}],"replies":[{"embeddable":true,"href":"https:\/\/cofradiamatrizandujar.org\/en\/wp-json\/wp\/v2\/comments?post=780"}],"version-history":[{"count":17,"href":"https:\/\/cofradiamatrizandujar.org\/en\/wp-json\/wp\/v2\/pages\/780\/revisions"}],"predecessor-version":[{"id":3561,"href":"https:\/\/cofradiamatrizandujar.org\/en\/wp-json\/wp\/v2\/pages\/780\/revisions\/3561"}],"up":[{"embeddable":true,"href":"https:\/\/cofradiamatrizandujar.org\/en\/wp-json\/wp\/v2\/pages\/96"}],"wp:featuredmedia":[{"embeddable":true,"href":"https:\/\/cofradiamatrizandujar.org\/en\/wp-json\/wp\/v2\/media\/1933"}],"wp:attachment":[{"href":"https:\/\/cofradiamatrizandujar.org\/en\/wp-json\/wp\/v2\/media?parent=780"}],"curies":[{"name":"wp","href":"https:\/\/api.w.org\/{rel}","templated":true}]}}