{"id":82,"date":"2022-03-09T11:36:55","date_gmt":"2022-03-09T11:36:55","guid":{"rendered":"https:\/\/cofradiamatrizandujar.org\/?page_id=82"},"modified":"2024-12-27T17:41:25","modified_gmt":"2024-12-27T17:41:25","slug":"presidente","status":"publish","type":"page","link":"https:\/\/cofradiamatrizandujar.org\/en\/la-cofradia\/presidente","title":{"rendered":"President"},"content":{"rendered":"<h3 class=\"wp-block-heading\"><strong>Saludo de Bienvenida<\/strong><\/h3>\n\n\n\n<p>Queridos hermanos y devotos de la Sant\u00edsima Virgen de la Cabeza,<\/p>\n\n\n\n<p>Con profunda alegr\u00eda y gratitud, os doy la m\u00e1s calurosa bienvenida a la p\u00e1gina web oficial de nuestra querida Cofrad\u00eda Matriz. Este espacio ha sido dise\u00f1ado con la intenci\u00f3n de acercar nuestra fe y devoci\u00f3n a cada uno de vosotros, sin importar d\u00f3nde os encontr\u00e9is.<\/p>\n\n\n\n<p>Desde hace siglos, la Virgen de la Cabeza ha sido un faro de esperanza, amor y consuelo para todos los que acudimos a Ella con fe sincera. Nuestra Cofrad\u00eda Matriz, con humildad y compromiso, se esfuerza d\u00eda a d\u00eda por mantener viva esta devoci\u00f3n, conservando nuestras tradiciones y proyect\u00e1ndolas hacia el futuro.<\/p>\n\n\n\n<p>Esta p\u00e1gina no es solo un medio de comunicaci\u00f3n; es un hogar virtual donde pod\u00e9is encontrar informaci\u00f3n sobre nuestras actividades, nuestra historia y las noticias relacionadas con la Cofrad\u00eda. Pero, m\u00e1s importante a\u00fan, es un lugar donde podemos compartir nuestra fe y sentirnos unidos como una gran familia bajo el manto protector de nuestra Madre.<\/p>\n\n\n\n<p>Os invito a explorar cada secci\u00f3n de esta p\u00e1gina, a descubrir el tesoro espiritual que representa nuestra devoci\u00f3n y a participar activamente en nuestras iniciativas. Que este rinc\u00f3n digital sea una fuente de inspiraci\u00f3n y un recordatorio constante de que, en la Virgen de la Cabeza, siempre hallaremos refugio y fortaleza.<\/p>\n\n\n\n<p>Que Ella os bendiga y gu\u00ede en cada paso de vuestra vida. Gracias por formar parte de esta comunidad de fe que crece y se fortalece d\u00eda a d\u00eda.<\/p>\n\n\n\n<p>Con todo mi afecto y compromiso,<br><\/p>\n\n\n\n<p class=\"has-text-align-center\"><strong>\u00a1Viva la virgen de la Cabeza!<\/strong><\/p>\n\n\n\n<p class=\"has-text-align-center\"><strong>Long live his Guild Matrix!<\/strong><\/p>\n\n\n<div class=\"wp-block-image\">\n<figure class=\"aligncenter size-large\"><img loading=\"lazy\" decoding=\"async\" width=\"515\" height=\"1024\" src=\"https:\/\/cofradiamatrizandujar.org\/wp-content\/uploads\/2023\/07\/IMG_7328-Mejorado-NR-1-515x1024.png\" alt=\"\" class=\"wp-image-4732\" srcset=\"https:\/\/cofradiamatrizandujar.org\/wp-content\/uploads\/2023\/07\/IMG_7328-Mejorado-NR-1-515x1024.png 515w, https:\/\/cofradiamatrizandujar.org\/wp-content\/uploads\/2023\/07\/IMG_7328-Mejorado-NR-1-151x300.png 151w, https:\/\/cofradiamatrizandujar.org\/wp-content\/uploads\/2023\/07\/IMG_7328-Mejorado-NR-1-768x1528.png 768w, https:\/\/cofradiamatrizandujar.org\/wp-content\/uploads\/2023\/07\/IMG_7328-Mejorado-NR-1-772x1536.png 772w, https:\/\/cofradiamatrizandujar.org\/wp-content\/uploads\/2023\/07\/IMG_7328-Mejorado-NR-1-1029x2048.png 1029w, https:\/\/cofradiamatrizandujar.org\/wp-content\/uploads\/2023\/07\/IMG_7328-Mejorado-NR-1-6x12.png 6w, https:\/\/cofradiamatrizandujar.org\/wp-content\/uploads\/2023\/07\/IMG_7328-Mejorado-NR-1.png 1138w\" sizes=\"auto, (max-width: 515px) 100vw, 515px\" \/><figcaption class=\"wp-element-caption\"><strong>Manuel\u00a0Jos\u00e9 G\u00f3mez Mart\u00ednez<\/strong><br><br>President of the association Matrix<\/figcaption><\/figure><\/div>","protected":false},"excerpt":{"rendered":"<p>Saludo de Bienvenida Queridos hermanos y devotos de la Sant\u00edsima Virgen de la Cabeza, Con profunda alegr\u00eda y gratitud, os doy la m\u00e1s calurosa bienvenida a la p\u00e1gina web oficial de nuestra querida Cofrad\u00eda Matriz. Este espacio ha sido dise\u00f1ado con la intenci\u00f3n de acercar nuestra fe y devoci\u00f3n a cada uno de vosotros, sin [&hellip;]<\/p>\n","protected":false},"author":1,"featured_media":4730,"parent":73,"menu_order":0,"comment_status":"closed","ping_status":"closed","template":"","meta":{"_genesis_hide_title":false,"_genesis_hide_breadcrumbs":false,"_genesis_hide_singular_image":false,"_genesis_hide_footer_widgets":false,"_genesis_custom_body_class":"","_genesis_custom_post_class":"","_genesis_layout":"","footnotes":""},"class_list":{"0":"post-82","1":"page","2":"type-page","3":"status-publish","4":"has-post-thumbnail","6":"entry"},"featured_image_src":"https:\/\/cofradiamatrizandujar.org\/wp-content\/uploads\/2023\/07\/IMG_7328-Mejorado-NR-e1689093869752-600x400.png","featured_image_src_square":"https:\/\/cofradiamatrizandujar.org\/wp-content\/uploads\/2023\/07\/IMG_7328-Mejorado-NR-e1689093869752-600x600.png","_links":{"self":[{"href":"https:\/\/cofradiamatrizandujar.org\/en\/wp-json\/wp\/v2\/pages\/82","targetHints":{"allow":["GET"]}}],"collection":[{"href":"https:\/\/cofradiamatrizandujar.org\/en\/wp-json\/wp\/v2\/pages"}],"about":[{"href":"https:\/\/cofradiamatrizandujar.org\/en\/wp-json\/wp\/v2\/types\/page"}],"author":[{"embeddable":true,"href":"https:\/\/cofradiamatrizandujar.org\/en\/wp-json\/wp\/v2\/users\/1"}],"replies":[{"embeddable":true,"href":"https:\/\/cofradiamatrizandujar.org\/en\/wp-json\/wp\/v2\/comments?post=82"}],"version-history":[{"count":12,"href":"https:\/\/cofradiamatrizandujar.org\/en\/wp-json\/wp\/v2\/pages\/82\/revisions"}],"predecessor-version":[{"id":6773,"href":"https:\/\/cofradiamatrizandujar.org\/en\/wp-json\/wp\/v2\/pages\/82\/revisions\/6773"}],"up":[{"embeddable":true,"href":"https:\/\/cofradiamatrizandujar.org\/en\/wp-json\/wp\/v2\/pages\/73"}],"wp:featuredmedia":[{"embeddable":true,"href":"https:\/\/cofradiamatrizandujar.org\/en\/wp-json\/wp\/v2\/media\/4730"}],"wp:attachment":[{"href":"https:\/\/cofradiamatrizandujar.org\/en\/wp-json\/wp\/v2\/media?parent=82"}],"curies":[{"name":"wp","href":"https:\/\/api.w.org\/{rel}","templated":true}]}}