{"id":94,"date":"2022-03-09T11:55:27","date_gmt":"2022-03-09T11:55:27","guid":{"rendered":"https:\/\/cofradiamatrizandujar.org\/?page_id=94"},"modified":"2024-11-26T23:07:34","modified_gmt":"2024-11-26T23:07:34","slug":"hermano-mayor","status":"publish","type":"page","link":"https:\/\/cofradiamatrizandujar.org\/en\/la-romeria\/hermano-mayor","title":{"rendered":"Big Brother"},"content":{"rendered":"<p>To all the brothers and devotees of the Blessed. Virgin of the Head, and few people visit this pilgrimage.<\/p>\n\n\n\n<p>For me it is a pride to speak to you as a big Brother of the Royal and Illustrious Brotherhood Womb of the Blessed. Virgin of the Head through the new web portal of this corporation.<\/p>\n\n\n\n<p>The new technologies have led to a change in the forms of modern communication. It fills Me with satisfaction to reach all of complying with one of the projects of this Board of Government when he took over this mandate.<\/p>\n\n\n\n<p>I want to bring the message of jesus Christ through his mother, the Blessed. Virgin where you need to add joy, hope and peace, in these times of great upheaval that we are playing live now to humanity.<\/p>\n\n\n\n<p>We are about to celebrate the festival of this year by 2022 after two years was canceled by the pandemic of covid-19 that so many members has led them to be now next to our mother, for they will be our prayers in this Procession.&nbsp;<\/p>\n\n\n\n<p>I&#039;m excited about the celebrations planned by the Board of Government, once the past 11 February convened this ancient festival.<\/p>\n\n\n\n<p>From this website, I want to encourage Guilds Filiares, devout and faithful to celebrate our main celebration universal, bearing in mind the personal responsibility of each one is still with the pandemic.<\/p>\n\n\n\n<p class=\"has-text-align-center\">&nbsp;\u00a1VIVA LA VIRGEN DE LA CABEZA!<\/p>\n\n\n\n<p class=\"has-text-align-center\">&nbsp;\u00a1VIVA LA VIRGEN DE LA CABEZA!<\/p>\n\n\n\n<p class=\"has-text-align-center\">&nbsp;\u00a1VIVA LA VIRGEN DE LA CABEZA!<\/p>\n\n\n\n<p class=\"has-text-align-right\">Antonio Barrios Hernandez<\/p>\n\n\n\n<p><\/p>\n\n\n\n<h3 class=\"wp-block-heading\">Older Brothers Above<\/h3>\n\n\n\n<div class=\"wp-block-genesis-blocks-gb-accordion gb-block-accordion\"><details><summary class=\"gb-accordion-title\">Older brothers TWENTY-first CENTURY<\/summary><div class=\"gb-accordion-text\">\n<p>2000 Mar\u00eda del Carmen Torres Bridges<\/p>\n\n\n\n<p>2001 Francisco L\u00f3pez J\u00e1vega<\/p>\n\n\n\n<p>2002 Antonio Garcia Mena<\/p>\n\n\n\n<p>2003 Antonio Garcia Mena<\/p>\n\n\n\n<p>2004 John A. Almunia Godino<\/p>\n\n\n\n<p>2005 Mar\u00eda del Carmen Torres Bridges<\/p>\n\n\n\n<p>2006 Antonio Exp\u00f3sito Hervas<\/p>\n\n\n\n<p>2007 Mar\u00eda Jos\u00e9 Exp\u00f3sito Mora<\/p>\n\n\n\n<p>2008 Casimiro Avila Cano<\/p>\n\n\n\n<p>2009 Casimiro Avila Cano<\/p>\n\n\n\n<p>2010 Rafael C. M\u00e1rquez Mej\u00eda<\/p>\n\n\n\n<p>2011 Casimiro Avila Cano<\/p>\n\n\n\n<p>2012 Maria del Carmen Torres Bridges;<\/p>\n\n\n\n<p>2013 Jos\u00e9 Carlos Millan Thaler<\/p>\n\n\n\n<p>2014 Araceli Gonzalez Blonde<\/p>\n\n\n\n<p>2015 Manuel \u00c1ngel V\u00e1zquez<\/p>\n\n\n\n<p>2016 Guillermo Cervera Bachelor<\/p>\n\n\n\n<p>2017 Jos\u00e9 Antonio Fennel<\/p>\n\n\n\n<p>2018 Ramon Perez Melero<\/p>\n\n\n\n<p>2019 Eva Maria Soto Exp\u00f3sito<\/p>\n\n\n\n<p>2020 Antonio Barrios Hern\u00e1ndez<\/p>\n\n\n\n<p>2021 Antonio Barrios Hern\u00e1ndez<\/p>\n\n\n\n<p>2022 Antonio Barrios Hern\u00e1ndez<\/p>\n\n\n\n<p>2023 Isabel Moya Ortiz<\/p>\n\n\n\n<p>2024 Isabel Barrios Hern\u00e1ndez<\/p>\n<\/div><\/details><\/div>\n\n\n\n<div class=\"wp-block-genesis-blocks-gb-accordion gb-block-accordion\"><details><summary class=\"gb-accordion-title\">Older brothers TWENTIETH CENTURY<\/summary><div class=\"gb-accordion-text\">\n<p>1900 Miguel Steppe<\/p>\n\n\n\n<p>1901 Manuel Bridges Palomino<\/p>\n\n\n\n<p>1902 Manuel Delgado<\/p>\n\n\n\n<p>In 1903, Jos\u00e9 Mar\u00eda Bellido Blonde<\/p>\n\n\n\n<p>1904 Diego Navarro<\/p>\n\n\n\n<p>1905 Manuel Delgado Gutierrez<\/p>\n\n\n\n<p>1906 Jos\u00e9 Barber\u00e1n<\/p>\n\n\n\n<p>1907 John ]im\u00e9nez Rodriguez<\/p>\n\n\n\n<p>1908 Joaquin Gisbert Navarro<\/p>\n\n\n\n<p>1909 Joaquin Mar\u00eda Serrano;<\/p>\n\n\n\n<p>1910 Alfonso Garrido L\u00f3pez<\/p>\n\n\n\n<p>1911 Manuel Montoro Grace<\/p>\n\n\n\n<p>1912 Javier Bellido<\/p>\n\n\n\n<p>1913 Jos\u00e9 Florez<\/p>\n\n\n\n<p>1914 Jos\u00e9 Mar\u00eda L\u00f3piz Parras<\/p>\n\n\n\n<p>1915 Jos\u00e9 Bellido Robles<\/p>\n\n\n\n<p>1916 Juan Mart\u00ednez Carlos<\/p>\n\n\n\n<p>1917 Juan Mart\u00ednez Carlos<\/p>\n\n\n\n<p>1918 Jos\u00e9 Garz\u00f3n and Garz\u00f3n<\/p>\n\n\n\n<p>1919 Lorenzo P\u00e9rez de Vargas<\/p>\n\n\n\n<p>1920 Ramon Bevi\u00e1 Martinez<\/p>\n\n\n\n<p>1921 Rafael P\u00e9rez de Vargas y Quero<\/p>\n\n\n\n<p>1922 Rafael P\u00e9rez de Vargas y Quero<\/p>\n\n\n\n<p>1923 Rafael P\u00e9rez de Vargas y Quero<\/p>\n\n\n\n<p>1924 Francisco de la Torre Martinez<\/p>\n\n\n\n<p>1925 Jos\u00e9 jim\u00e9nez G\u00e1lvez<\/p>\n\n\n\n<p>1926 Leoncio Lujan<\/p>\n\n\n\n<p>1927, Jos\u00e9 Rojas Ramirez<\/p>\n\n\n\n<p>1928 Cecilio Puig de Mignon<\/p>\n\n\n\n<p>1929 Joaquin Gisbert Moon<\/p>\n\n\n\n<p>1930 Joseph Abela Fenoll<\/p>\n\n\n\n<p>1931 Jos\u00e9 Rodr\u00edguez Mounted<\/p>\n\n\n\n<p>1932 Cayetano Mart\u00ednez Rodr\u00edguez<\/p>\n\n\n\n<p>1933 Miguel Corpas Channels<\/p>\n\n\n\n<p>1934 Juan Manuel Olaya<\/p>\n\n\n\n<p>1935 John Married Diaz<\/p>\n\n\n\n<p>1936 Elijah Medium Marble<\/p>\n\n\n\n<p>1937 there was No pilgrimage<\/p>\n\n\n\n<p>1938 there was No pilgrimage<\/p>\n\n\n\n<p>1939 Antonio Ram\u00edrez Moreno<\/p>\n\n\n\n<p>1940 Cayetano Mart\u00ednez Rodr\u00edguez<\/p>\n\n\n\n<p>1941 Adolfo Rodr\u00edguez Montane<\/p>\n\n\n\n<p>1942 Juan jos\u00e9 Jim\u00e9nez Mart\u00ednez<\/p>\n\n\n\n<p>1943 Francisco Jim\u00e9nez Mart\u00ednez<\/p>\n\n\n\n<p>1944 Jos\u00e9 Moreno Torres<\/p>\n\n\n\n<p>1945 Jos\u00e9 Moreno Torres<\/p>\n\n\n\n<p>1946 Thomas Scrivener Soriano<\/p>\n\n\n\n<p>1947 Luis Benayas Fernandez<\/p>\n\n\n\n<p>1948 \u00c1lvaro de Ia Torre Steppe<\/p>\n\n\n\n<p>1949 Francisco de la Torre Steppe<\/p>\n\n\n\n<p>1950 Joseph Tordera Medina<\/p>\n\n\n\n<p>1951 Joseph Tordera Medina<\/p>\n\n\n\n<p>1952 Eduardo Puig Red<\/p>\n\n\n\n<p>1953 Antonio Peralta Gomez<\/p>\n\n\n\n<p>1954 Joseph Al\u00e8s Gonzalez<\/p>\n\n\n\n<p>1955 Peter A1\u00e9s Gonzalez<\/p>\n\n\n\n<p>1956 John Obejo Romero<\/p>\n\n\n\n<p>1957 Manuel Barranco P\u00e9rez<\/p>\n\n\n\n<p>1958 jos\u00e9 Rubio Garc\u00eda<\/p>\n\n\n\n<p>1959 Jos\u00e9 Luis Men\u00e9ndez Case<\/p>\n\n\n\n<p>1960 Elijah Medium Medina<\/p>\n\n\n\n<p>1961 Lazarus &#039; Pigeon Hawk<\/p>\n\n\n\n<p>1962 Francisco Gal\u00e1n Ravine<\/p>\n\n\n\n<p>1963 Jos\u00e9 Mu\u00f1oz Mu\u00f1oz<\/p>\n\n\n\n<p>1964 Joseph Reminds me of the Tower<\/p>\n\n\n\n<p>1965 Argimiro Rodriguez Alvarez<\/p>\n\n\n\n<p>1966 Antonio Gea Cobo<\/p>\n\n\n\n<p>1967 Pedro Morales Martinez<\/p>\n\n\n\n<p>1968 Jaime of Foxa and Torroba<\/p>\n\n\n\n<p>1969 Rafael Santiago Lorente<\/p>\n\n\n\n<p>1970 Bartolom\u00e9, Santiago Lorente<\/p>\n\n\n\n<p>1971 Manuel Garc\u00eda Pe\u00f1a;<\/p>\n\n\n\n<p>1972 Manuel Garc\u00eda Pe\u00f1a<\/p>\n\n\n\n<p>1973 Juan Guerrero Peacock<\/p>\n\n\n\n<p>1974 Antonio Chamocho Moreno<\/p>\n\n\n\n<p>1975 Javier Cayucla Garcia<\/p>\n\n\n\n<p>1976 Juan Luis Cayuela Bachelor<\/p>\n\n\n\n<p>1977 Bonoso Rubio Mora<\/p>\n\n\n\n<p>1978 Jos\u00e9 Hern\u00e1ndez Moreno<\/p>\n\n\n\n<p>1979 Pike City Rosalem<\/p>\n\n\n\n<p>1980 Francisco Mar\u00edn L\u00f3pez<\/p>\n\n\n\n<p>1981 Francisco Garc\u00eda Delgado<\/p>\n\n\n\n<p>1982 Abelardo Cannons Elm<\/p>\n\n\n\n<p>1983, Jos\u00e9 Luis Mu\u00f1oz S\u00e1nchez<\/p>\n\n\n\n<p>1984 Gonzalo Perez Bellido<\/p>\n\n\n\n<p>1985 Gonzalo P\u00e9rez L\u00f3pez<\/p>\n\n\n\n<p>1986 Santiago Peralta Martinez<\/p>\n\n\n\n<p>1987 Santiago Peralta Martinez<\/p>\n\n\n\n<p>1988 Enrique Peralta Martinez<\/p>\n\n\n\n<p>1989 Manuel Garc\u00eda Pe\u00f1a<\/p>\n\n\n\n<p>1990 Manuel Garc\u00eda Pe\u00f1a<\/p>\n\n\n\n<p>1991 Francisco Garc\u00eda Puig<\/p>\n\n\n\n<p>1992 Manuel Islan Molero<\/p>\n\n\n\n<p>1993 Francisco Exp\u00f3sito Mena<\/p>\n\n\n\n<p>1994 Francisco Exp\u00f3sito Mena<\/p>\n\n\n\n<p>1995 Francisco Exp\u00f3sito Carde\u00f1as<\/p>\n\n\n\n<p>1996 Bartholomew Santiago Ruiz<\/p>\n\n\n\n<p>1997 Bartholomew Santiago Ruiz<\/p>\n\n\n\n<p>1998 Jos\u00e9 Mar\u00eda Garrido Ramos<\/p>\n\n\n\n<p>1999 Mar\u00eda del Carmen Torres Bridges<\/p>\n<\/div><\/details><\/div>\n\n\n\n<div class=\"wp-block-genesis-blocks-gb-accordion gb-block-accordion\"><details><summary class=\"gb-accordion-title\">Older brothers NINETEENTH CENTURY<\/summary><div class=\"gb-accordion-text\">\n<p>1800 Francisco Quir\u00f3s<\/p>\n\n\n\n<p>1801 Manuel Mart\u00ednez Gallego<\/p>\n\n\n\n<p>1802 Antonio Sarmiento<\/p>\n\n\n\n<p>1803 Francisco Channels<\/p>\n\n\n\n<p>1804 John Marim\u00f3<\/p>\n\n\n\n<p>1805 Antonio Aguilar<\/p>\n\n\n\n<p>1806 Manuel Garz\u00f3n Warrior<\/p>\n\n\n\n<p>1807 Fernando Buendia Lainez<\/p>\n\n\n\n<p>1808 Marquis de la Merced<\/p>\n\n\n\n<p>1809 Count of Real Grace<\/p>\n\n\n\n<p>1810 Juan M. Guti\u00e9rrez Gonz\u00e1lez<\/p>\n\n\n\n<p>1811 Jose Terreros<\/p>\n\n\n\n<p>1812 Andr\u00e9s Mart\u00ednez<\/p>\n\n\n\n<p>1813 Blas Tauste<\/p>\n\n\n\n<p>1814 Jos\u00e9 Garc\u00eda<\/p>\n\n\n\n<p>1815 Jos\u00e9 Garc\u00eda<\/p>\n\n\n\n<p>1816 Manuel Molina<\/p>\n\n\n\n<p>1817 Francisco Wheels<\/p>\n\n\n\n<p>1818 Jose Malpica<\/p>\n\n\n\n<p>1819, To Jose Garcia<\/p>\n\n\n\n<p>1820 Francisco Acebr\u00f3n<\/p>\n\n\n\n<p>1821 Manuel Aldehuela<\/p>\n\n\n\n<p>1822 Luis Madue\u00f1o<\/p>\n\n\n\n<p>1823 Antonio Serrano Spanish<\/p>\n\n\n\n<p>1824 Manuel de Quero<\/p>\n\n\n\n<p>1825 Juan Palomino<\/p>\n\n\n\n<p>1826 Peter Messiah<\/p>\n\n\n\n<p>1827 Antonio Santiago Fern\u00e1ndez<\/p>\n\n\n\n<p>1828 Francis M. Morales<\/p>\n\n\n\n<p>1829 Joseph Morales<\/p>\n\n\n\n<p>1830 Manuel de la Torre<\/p>\n\n\n\n<p>1831 Manuel de Quero<\/p>\n\n\n\n<p>1832 Manuel Square<\/p>\n\n\n\n<p>1833 Juan Malpica<\/p>\n\n\n\n<p>1834 Andr\u00e9s de Quero<\/p>\n\n\n\n<p>1835 Andr\u00e9s de Quero<\/p>\n\n\n\n<p>1836 Miguel Valenzuela;<\/p>\n\n\n\n<p>1837 John Alvarez<\/p>\n\n\n\n<p>1838 Rafael Garcia<\/p>\n\n\n\n<p>1839, Juan Guti\u00e9rrez<\/p>\n\n\n\n<p>1840 John A. Lara<\/p>\n\n\n\n<p>1841 John M. Madue\u00f1o<\/p>\n\n\n\n<p>1842 Francisco Trigueros<\/p>\n\n\n\n<p>1843 Antonio Quir\u00f3s<\/p>\n\n\n\n<p>1844 John Gutierrez Castro<\/p>\n\n\n\n<p>1845 Juan Malpica<\/p>\n\n\n\n<p>1846 John Armijo Serrano<\/p>\n\n\n\n<p>1847 Antonio Trigueros<\/p>\n\n\n\n<p>1848 Manuel Mu\u00f1oz Corpas<\/p>\n\n\n\n<p>1849 Pablo Ruiz<\/p>\n\n\n\n<p>1850 Manuel Mar\u00eda Serrano<\/p>\n\n\n\n<p>1851 Manuel Mar\u00eda Serrano<\/p>\n\n\n\n<p>1852 joseph Bridges Serrano<\/p>\n\n\n\n<p>1853 Manuel Acebr\u00f3n<\/p>\n\n\n\n<p>1854 Miguel P\u00e9rez<\/p>\n\n\n\n<p>1855 Manuel Moreno Sanchez-Mu\u00f1oz<\/p>\n\n\n\n<p>1856 Domingo Moreno<\/p>\n\n\n\n<p>1857 Antonio Trigueros<\/p>\n\n\n\n<p>1858 Pedro Delgado<\/p>\n\n\n\n<p>1859 Antonio Romeu<\/p>\n\n\n\n<p>1860 Antonio Romeu<\/p>\n\n\n\n<p>In 1861, Jos\u00e9 Garc\u00eda Olivares<\/p>\n\n\n\n<p>1862 Jos\u00e9 Garc\u00eda Olivares.<\/p>\n\n\n\n<p>1863 Antonio Morales Merlo<\/p>\n\n\n\n<p>1864 Antonio Morales Merlo<\/p>\n\n\n\n<p>1865 Francisco Garc\u00eda Camacho<\/p>\n\n\n\n<p>1866 Antonio Jim\u00e9nez Fern\u00e1ndez<\/p>\n\n\n\n<p>1867 Miguel Martinez Utrera<\/p>\n\n\n\n<p>1868 Benito Menendez<\/p>\n\n\n\n<p>1869 Antonio Ramirez<\/p>\n\n\n\n<p>1870 Joseph Ols Segrelles<\/p>\n\n\n\n<p>1871 Antonio Jimena Leon<\/p>\n\n\n\n<p>1872 Francisco P\u00e9rez de Vargas Le\u00f3n<\/p>\n\n\n\n<p>1873 The Marqu\u00e9s del Contadero<\/p>\n\n\n\n<p>1874 ]uan Peter Engelmo<\/p>\n\n\n\n<p>1875 Antonio Bridges Rold\u00e1n<\/p>\n\n\n\n<p>1876, The Marquis of Caracena<\/p>\n\n\n\n<p>1877, The Marquis of Caracena<\/p>\n\n\n\n<p>1878 Manuel Ben\u00edtez Mart\u00ednez<\/p>\n\n\n\n<p>1879 Jer\u00f3nimo P\u00e9rez de Vargas Ca\u00f1abate<\/p>\n\n\n\n<p>1880 Jos\u00e9 Garc\u00eda Espantale\u00f3n<\/p>\n\n\n\n<p>1881 Manuel Mar\u00eda Serrano<\/p>\n\n\n\n<p>1882 Manuel Mart\u00ednez Knives<\/p>\n\n\n\n<p>1883 Manuel Mart\u00ednez Knives<\/p>\n\n\n\n<p>1884 Francisco Hern\u00e1ndez Mora<\/p>\n\n\n\n<p>1885 Jose Martinez Rib<\/p>\n\n\n\n<p>1886 Francisco Martinez Rib<\/p>\n\n\n\n<p>1887 Isidoro Gil de Muro<\/p>\n\n\n\n<p>1888 Antonio Molina Martin\u00f3n<\/p>\n\n\n\n<p>1889 Manuel Bridges Palomino<\/p>\n\n\n\n<p>1890 Manuel Fuentes Palomino<\/p>\n\n\n\n<p>1891 Joseph Rhodes Poveda<\/p>\n\n\n\n<p>1892 Manuel Estepa Bachelor<\/p>\n\n\n\n<p>1893 Francis X. Ramirez Shipyard<\/p>\n\n\n\n<p>1894 Miguel Serrano Molina<\/p>\n\n\n\n<p>1895 ]os\u00e9 Mart\u00ednez Le\u00f3n<\/p>\n\n\n\n<p>1896 Francisco Trigueros Ortiz<\/p>\n\n\n\n<p>1897 Francisco Trigueros Ortiz<\/p>\n\n\n\n<p>1898 Antonio Hidalgo<\/p>\n\n\n\n<p>1899 Diego Steppe<\/p>\n<\/div><\/details><\/div>\n\n\n\n<div class=\"wp-block-genesis-blocks-gb-accordion gb-block-accordion\"><details><summary class=\"gb-accordion-title\">Older brothers EIGHTEENTH CENTURY<\/summary><div class=\"gb-accordion-text\">\n<p>1762 John&#039;s Castle<\/p>\n\n\n\n<p>1763 John&#039;s Castle<\/p>\n\n\n\n<p>1764 Luis P\u00e9rez<\/p>\n\n\n\n<p>1765 Manuel Martinez<\/p>\n\n\n\n<p>1766 Juan de Moya<\/p>\n\n\n\n<p>1767 Bartolom\u00e9 Garc\u00eda<\/p>\n\n\n\n<p>1768 Jos\u00e9 Dami\u00e1n P\u00e9rez<\/p>\n\n\n\n<p>1769 Manuel Palomino<\/p>\n\n\n\n<p>1770 Miguel Torralbo<\/p>\n\n\n\n<p>1771 Augustine Soldier<\/p>\n\n\n\n<p>1772 Diego Mes\u00eda<\/p>\n\n\n\n<p>1773 Manuel Ca\u00f1ete<\/p>\n\n\n\n<p>1774 Agust\u00edn Guti\u00e9rrez<\/p>\n\n\n\n<p>1775 Thomas Cardenas<\/p>\n\n\n\n<p>1776 Francisco de Paula Herrero<\/p>\n\n\n\n<p>1777 Manuel Garz\u00f3n<\/p>\n\n\n\n<p>1778 Manuel Mar\u00edn of the Field<\/p>\n\n\n\n<p>1779 Vicente L\u00f3pez Molina<\/p>\n\n\n\n<p>1780 The Marquis del Cerro<\/p>\n\n\n\n<p>1781 Francisco Javier P\u00e9rez de Vargas<\/p>\n\n\n\n<p>1782 Antonio P\u00e9rez de Vargas<\/p>\n\n\n\n<p>1783 Marquis of Bilanos<\/p>\n\n\n\n<p>1784 Marquis of Santa Rita<\/p>\n\n\n\n<p>1785 Francisco X. P\u00e9rez de Vargas and Tavira<\/p>\n\n\n\n<p>1786 The Marquis del Cerro<\/p>\n\n\n\n<p>1787 Manuel Garz\u00f3n<\/p>\n\n\n\n<p>1788 Peter of the Race<\/p>\n\n\n\n<p>1789 Miguel Torralbo and C\u00e1rdenas<\/p>\n\n\n\n<p>1790 John Eta. P\u00e9rez de Vargas<\/p>\n\n\n\n<p>1791 John Miram\u00f3n<\/p>\n\n\n\n<p>1792 Felix A. de Oca Armijo<\/p>\n\n\n\n<p>1793 Miguel Torralbo and C\u00e1rdenas<\/p>\n\n\n\n<p>1794 Diego de Rojas<\/p>\n\n\n\n<p>1795 John Valenzuela<\/p>\n\n\n\n<p>1796 John Valenzuela<\/p>\n\n\n\n<p>1797 Blas Tauste<\/p>\n\n\n\n<p>1798 Blas Tauste<\/p>\n\n\n\n<p>1799 Miguel Montilla<\/p>\n<\/div><\/details><\/div>\n\n\n\n<div class=\"wp-block-genesis-blocks-gb-accordion gb-block-accordion\"><details><summary class=\"gb-accordion-title\">Older brothers SEVENTEENTH CENTURY<\/summary><div class=\"gb-accordion-text\">\n<p>1600 D. Pedro de Lucena Escavias<\/p>\n\n\n\n<p>1601 D. Tom\u00e1s de C\u00e1rdenas<\/p>\n\n\n\n<p>1602 D. Luis P\u00e9rez de Vargas<\/p>\n\n\n\n<p>1603 D. Crist\u00f3bal de Lucena and C\u00e1rdenas<\/p>\n\n\n\n<p>1604 D. Alonso de Pi\u00e9drola, Keeper of the Castle<\/p>\n\n\n\n<p>1605 D. Rodrigo de Valenzuela<\/p>\n\n\n\n<p>1606 D. Luis de Quero Escavias, of the habit of Santiago<\/p>\n\n\n\n<p>1607 D. Fernando Perez de Vargas<\/p>\n\n\n\n<p>1608 D. Alonso de Quero Escaxias<\/p>\n\n\n\n<p>1609 D. Gutierre de Morales<\/p>\n\n\n\n<p>1610 Captain D. Luis P\u00e9rez Sirvente<\/p>\n\n\n\n<p>1611 D. Pedro de Lucena and C\u00e1rdenas<\/p>\n\n\n\n<p>1612 D. Francisco de Benavides y Manrique<\/p>\n\n\n\n<p>1613 D. ]er\u00f3nimo and Serrano Valenzuela<\/p>\n\n\n\n<p>1614 D. Leonardo C\u00e1rdenas and Valdixia of the habit of Santiago<\/p>\n\n\n\n<p>1615 D. Antonio de Cardenas, and Manrique, of the habit of Santiago<\/p>\n\n\n\n<p>1616 D. Pedro ]urado Valenzuela<\/p>\n\n\n\n<p>1617 D. Felipe C\u00e1rdenas Reinoso, Captain of Militia<\/p>\n\n\n\n<p>1618 D. Francisco de Alvarrac\u00edn and Pi\u00e9drola<\/p>\n\n\n\n<p>1619 D.]uan de C\u00e1rdenas and Valdivia<\/p>\n\n\n\n<p>1620 D. Alonso de Lucena Escavias<\/p>\n\n\n\n<p>1621 D. Rodrigo Sirvente of C\u00e1rdenas<\/p>\n\n\n\n<p>1622 D. Juan Francisco de Benavides Manrique<\/p>\n\n\n\n<p>1623 D. Manuel C\u00e1rdenas Valdivia<\/p>\n\n\n\n<p>1624 D.]uan P\u00e9rez Mendoza<\/p>\n\n\n\n<p>1625 D. Diego Granados and Lara<\/p>\n\n\n\n<p>1626 D. Juan Luis de Nicuesa and Sirvente<\/p>\n\n\n\n<p>1627 D. Antonio Alvarrac\u00edn and Valenzuela<\/p>\n\n\n\n<p>1628 D. Bartolom\u00e9 Jos\u00e9 Mes\u00eda. Lord of the Villas of Urracal and Olula<\/p>\n\n\n\n<p>1629 D. Alonso Garc\u00eda de Gaza<\/p>\n\n\n\n<p>1630 D. Bartholomew Left<\/p>\n\n\n\n<p>1631 D.]uan Perez Palomino<\/p>\n\n\n\n<p>1632 D. Francisco de Mestanza<\/p>\n\n\n\n<p>1633 D. Peter Holm<\/p>\n\n\n\n<p>1634 D. Bartholomew of Javalera<\/p>\n\n\n\n<p>1635 D. Francisco Villar Vega<\/p>\n\n\n\n<p>1636 D. ]uan Alonso de Herrera<\/p>\n\n\n\n<p>1637 D. Alonso Baeza Jimenez<\/p>\n\n\n\n<p>1638 D. ]os\u00e9 Perez and Bathroom<\/p>\n\n\n\n<p>\u200b<\/p>\n<\/div><\/details><\/div>\n\n\n\n<div class=\"wp-block-genesis-blocks-gb-accordion gb-block-accordion\"><details><summary class=\"gb-accordion-title\">Older brothers SIXTEENTH CENTURY<\/summary><div class=\"gb-accordion-text\">\n<p>1552 Miguel Jurado<\/p>\n\n\n\n<p>1553 Alonso de Mestanza<\/p>\n\n\n\n<p>1554 Juan Alonso Palomino<\/p>\n\n\n\n<p>1559 Juan Verdejo<\/p>\n\n\n\n<p>1590 Captain Mart\u00edn Carlos de Valenzue<\/p>\n\n\n\n<p>1591 D. Alonso Serrano Pi\u00e9drola<\/p>\n\n\n\n<p>l592 D. Luis de Quero Escax\u00edas<\/p>\n\n\n\n<p>1593 D. ]uan P\u00e9rez de Vargas<\/p>\n\n\n\n<p>1594 D. Antonio Valenzuela<\/p>\n\n\n\n<p>1595 D. Alonso Sirvente ]urado<\/p>\n\n\n\n<p>1596 D. Miguel of Alvarrar\u00edn<\/p>\n\n\n\n<p>1597 D. Antonio P\u00e9rez Serrano. the habit of Alcantara<\/p>\n\n\n\n<p>1598 D. Antonio Sirvcnle C\u00e1rdenas<\/p>\n\n\n\n<p>1599 D. Francisco de C\u00e1rdenas<\/p>\n<\/div><\/details><\/div>\n\n\n\n<p>List of the historian Enrique G\u00f3mez M.<\/p>","protected":false},"excerpt":{"rendered":"<p>A todos los cofrades y devotos de la Stma. Virgen de la Cabeza y a cuantas personas visiten esta peregrinaci\u00f3n. Es para m\u00ed un orgullo dirigirme a vosotros como Hermano Mayor de la Real e Ilustre Cofrad\u00eda Matriz de la Stma. Virgen de la Cabeza a trav\u00e9s del nuevo portal web de esta corporaci\u00f3n. Las [&hellip;]<\/p>\n","protected":false},"author":1,"featured_media":4983,"parent":128,"menu_order":0,"comment_status":"closed","ping_status":"closed","template":"","meta":{"_genesis_hide_title":false,"_genesis_hide_breadcrumbs":false,"_genesis_hide_singular_image":false,"_genesis_hide_footer_widgets":false,"_genesis_custom_body_class":"","_genesis_custom_post_class":"","_genesis_layout":"","footnotes":""},"class_list":{"0":"post-94","1":"page","2":"type-page","3":"status-publish","4":"has-post-thumbnail","6":"entry"},"featured_image_src":"https:\/\/cofradiamatrizandujar.org\/wp-content\/uploads\/2023\/07\/358627995_652683963561639_4820994699325640816_n-600x400.jpg","featured_image_src_square":"https:\/\/cofradiamatrizandujar.org\/wp-content\/uploads\/2023\/07\/358627995_652683963561639_4820994699325640816_n-600x600.jpg","_links":{"self":[{"href":"https:\/\/cofradiamatrizandujar.org\/en\/wp-json\/wp\/v2\/pages\/94","targetHints":{"allow":["GET"]}}],"collection":[{"href":"https:\/\/cofradiamatrizandujar.org\/en\/wp-json\/wp\/v2\/pages"}],"about":[{"href":"https:\/\/cofradiamatrizandujar.org\/en\/wp-json\/wp\/v2\/types\/page"}],"author":[{"embeddable":true,"href":"https:\/\/cofradiamatrizandujar.org\/en\/wp-json\/wp\/v2\/users\/1"}],"replies":[{"embeddable":true,"href":"https:\/\/cofradiamatrizandujar.org\/en\/wp-json\/wp\/v2\/comments?post=94"}],"version-history":[{"count":13,"href":"https:\/\/cofradiamatrizandujar.org\/en\/wp-json\/wp\/v2\/pages\/94\/revisions"}],"predecessor-version":[{"id":6302,"href":"https:\/\/cofradiamatrizandujar.org\/en\/wp-json\/wp\/v2\/pages\/94\/revisions\/6302"}],"up":[{"embeddable":true,"href":"https:\/\/cofradiamatrizandujar.org\/en\/wp-json\/wp\/v2\/pages\/128"}],"wp:featuredmedia":[{"embeddable":true,"href":"https:\/\/cofradiamatrizandujar.org\/en\/wp-json\/wp\/v2\/media\/4983"}],"wp:attachment":[{"href":"https:\/\/cofradiamatrizandujar.org\/en\/wp-json\/wp\/v2\/media?parent=94"}],"curies":[{"name":"wp","href":"https:\/\/api.w.org\/{rel}","templated":true}]}}